{"id":21048,"date":"2024-09-09T15:33:16","date_gmt":"2024-09-09T15:33:16","guid":{"rendered":"https:\/\/www.lafarga.com\/corporatiu\/?page_id=21048"},"modified":"2024-09-09T15:41:53","modified_gmt":"2024-09-09T15:41:53","slug":"politica-de-cookies","status":"publish","type":"page","link":"https:\/\/www.lafarga.com\/corporatiu\/politica-de-cookies\/","title":{"rendered":"Pol\u00edtica de Cookies"},"content":{"rendered":"<p>Les informamos que en la web <a href=\"https:\/\/www.lafarga.com\/\">https:\/\/www.lafarga.com\/<\/a>, el sistema de navegaci\u00f3n utiliza algunos datos de navegaci\u00f3n (Cookies) para poder ofrecer un servicio m\u00e1s personalizado a los usuarios de la web.<\/p>\n<p>Las cookies son peque\u00f1os archivos de texto que el navegador guarda cuando se navega por p\u00e1ginas web y aplicaciones. Por lo general, estas tecnolog\u00edas pueden servir para finalidades muy diversas, como por ejemplo, reconocerte como usuario, obtener informaci\u00f3n de tus h\u00e1bitos de navegaci\u00f3n o personalizar la forma en que se muestra el contenido.<\/p>\n<p>LA FARGA, GESTI\u00d3N DE EQUIPAMIENTOS MUNICIPALES S.A. en su web utiliza \u201ccookies\u201d de terceros:<\/p>\n<ul>\n<li><strong>Cookies de an\u00e1lisis:<\/strong> \u00c9stas son tratadas por terceros y nos permiten cuantificar el n\u00famero de usuarios y as\u00ed poder realizar la medici\u00f3n y an\u00e1lisis estad\u00edstico de la utilizaci\u00f3n que realizan los usuarios del servicio ofrecido. Por eso, se analiza su navegaci\u00f3n en nuestra web con el fin de mejorar nuestra oferta de productos y servicios. El tercero es Google Analytics, que es un servicio de estad\u00edsticas de p\u00e1ginas web que ofrece Google Inc. Google Analytics recoge informaci\u00f3n del equipo del usuario para obtener informes sobre la actividad de la aplicaci\u00f3n y almacena la informaci\u00f3n recogida por las \u201ccookies\u201d en servidores de Estados Unidos existiendo una transferencia internacional de datos, y por tanto, aceptando en la misma, mediante la aceptaci\u00f3n a estas cookies.<\/li>\n<li><strong>Cookies publicitarias comportamentales:<\/strong> Son aquellas que tratadas por terceros nos permiten analizar los h\u00e1bitos de navegaci\u00f3n en Internet para poder mostrar publicidad con su perfil de navegaci\u00f3n. El servicio es prestado por Google Inc.<\/li>\n<\/ul>\n<p>En cualquier caso, en el supuesto de que se capten datos de car\u00e1cter personal y en este caso, s\u00f3lo la direcci\u00f3n IP de acceso; les informamos que \u00e9stas ser\u00e1n tratadas bajo la responsabilidad de LA FARGA, GESTI\u00d3N DE EQUIPAMIENTOS MUNICIPALES S.A.<\/p>\n<p>La finalidad de este tratamiento es la gesti\u00f3n y control de las redes sociales que se disponen as\u00ed como de los usuarios que interact\u00faan en la web y la informaci\u00f3n que se obtiene, siendo su consentimiento la base de legitimaci\u00f3n de este tratamiento. Estos datos ser\u00e1n transmitidos a las empresas gestoras de las cookies y ser\u00e1n conservados de acuerdo a los par\u00e1metros estipulados por estas empresas. Estos datos ser\u00e1n transferidos a terceros pa\u00edses, pudiendo obtener informaci\u00f3n al respecto en la propia pol\u00edtica de Google: https:\/\/policies.google.com\/privacy?hl=es.<\/p>\n<p>Conforme a lo dispuesto en la normativa de protecci\u00f3n de datos de car\u00e1cter personal, le informamos que puede revocar estas autorizaciones a trav\u00e9s de su propio navegador o ejercitar los derechos de acceso, rectificaci\u00f3n o supresi\u00f3n, la limitaci\u00f3n del tratamiento u oponerse, as\u00ed como el derecho a la portabilidad de los datos puede dirigirse a: Calle Barcelona, \u200b\u200bn 2, 08901 L&#8217;Hospitalet del Llobregat o bien enviando un correo electr\u00f3nico a: lafarga@lafarga.com .<\/p>\n<p>Asimismo podr\u00e1 presentar una reclamaci\u00f3n ante la <strong>Autoridad Catalana de Protecci\u00f3n de Datos.<\/strong><\/p>\n<p>Se informa al usuario que Google podr\u00e1 transmitir esta informaci\u00f3n a terceros cuando as\u00ed lo requiera la ley, o cuando estos terceros procesen la informaci\u00f3n por cuenta de Google. Google no asociar\u00e1 la direcci\u00f3n de IP del usuario con ning\u00fan otro dato que disponga, y por tanto, lo har\u00e1 totalmente de forma anonimizada.<\/p>\n<p>Para rechazar o eliminar esta \u201ccookie\u201d se puede consultar la siguiente direcci\u00f3n:<\/p>\n<p><a href=\"https:\/\/www.google.com\/intl\/ca\/policies\/privacy\/\" target=\"_blank\" rel=\"noopener\">https:\/\/www.google.com\/intl\/ca\/policies\/privacy\/<\/a><\/p>\n<p><a href=\"https:\/\/www.google.com\/intl\/en\/privacypolicy.html\" target=\"_blank\" rel=\"noopener\">https:\/\/www.google.com\/intl\/en\/privacypolicy.html<\/a><\/p>\n<h3><\/h3>\n<h3><strong>DESACTIVACI\u00d3N Y BLOQUEO DE LAS COOKIES<\/strong><\/h3>\n<p>En cualquier caso, el usuario puede habilitar la opci\u00f3n de su propio sistema de navegaci\u00f3n para no permitir la instalaci\u00f3n de cookies; sin que en ning\u00fan caso LA FARGA, GESTI\u00d3N DE EQUIPAMIENTOS MUNICIPALES S.A. pueda ser responsable de que la inhabilitaci\u00f3n de Cookies comporte que algunos de los servicios que ofrece esta web no funcionen correctamente.<\/p>\n<p>En los siguientes enlaces, podr\u00e1 encontrar instrucciones que le ayudar\u00e1n a configurar los ajustes de los principales navegadores m\u00e1s utilizados.<\/p>\n<ul>\n<li>Internet Explorer:<br \/>\n<a href=\"https:\/\/support.microsoft.com\/es-es\/help\/17442\/windows-internet-explorer-delete-manage-cookies\" target=\"_blank\" rel=\"noopener\">https:\/\/support.microsoft.com\/es-es\/help\/17442\/windows-internet-explorer-delete-manage-cookies<\/a><\/li>\n<\/ul>\n<ul>\n<li>Microsoft Edge:<br \/>\n<a href=\"https:\/\/support.microsoft.com\/es-es\/help\/4027947\/microsoft-edge-delete-cookies\" target=\"_blank\" rel=\"noopener\">https:\/\/support.microsoft.com\/es-es\/help\/4027947\/microsoft-edge-delete-cookies<\/a><\/li>\n<\/ul>\n<ul>\n<li>Google Chrome:<br \/>\n<a href=\"https:\/\/support.google.com\/chrome\/answer\/95647?hl=es\" target=\"_blank\" rel=\"noopener\">https:\/\/support.google.com\/chrome\/answer\/95647?hl=es<\/a><\/li>\n<\/ul>\n<ul>\n<li>Mozilla Firefox:<br \/>\n<a href=\"http:\/\/support.mozilla.org\/es\/kb\/habilitar-y-deshabilitar-cookies-que-los-sitios-we\" target=\"_blank\" rel=\"noopener\">http:\/\/support.mozilla.org\/es\/kb\/habilitar-y-deshabilitar-cookies-que-los-sitios-we<\/a><\/li>\n<\/ul>\n<ul>\n<li>Safari:<br \/>\n<a href=\"http:\/\/support.apple.com\/kb\/ph5042\" target=\"_blank\" rel=\"noopener\">http:\/\/support.apple.com\/kb\/ph5042<\/a><\/li>\n<\/ul>\n<ul>\n<li>Safari para IOS (Iphone, IPad):<br \/>\n<a href=\"http:\/\/support.apple.com\/kb\/ht1677?viewlocale=es_es&amp;locale=es_es\" target=\"_blank\" rel=\"noopener\">http:\/\/support.apple.com\/kb\/ht1677?viewlocale=es_es&amp;locale=es_es<\/a><\/li>\n<\/ul>\n<ul>\n<li>Chrome para Android:<br \/>\n<a href=\"https:\/\/support.google.com\/chrome\/answer\/2392971?hl=es\" target=\"_blank\" rel=\"noopener\">https:\/\/support.google.com\/chrome\/answer\/2392971?hl=es<\/a><\/li>\n<\/ul>\n<p>Si se desea m\u00e1s informaci\u00f3n sobre las cookies y su forma de deshabilitarlas seg\u00fan su sistema de navegaci\u00f3n puede consultar el siguiente link: <a href=\"https:\/\/www.aboutcookies.org\" target=\"_blank\" rel=\"noopener\">https:\/\/www.aboutcookies.org<\/a><\/p>\n<p>En caso contrario, y habiendo informado a <strong>LA FARGA, GESTI\u00d3N DE EQUIPAMIENTOS MUNICIPALES S.A.<\/strong> del uso de cookies, y sin que \u00e9stas hayan sido inhabilitadas, implica que el usuario presta su consentimiento al tratamiento de datos por Google en la forma prevista en este aviso y para las finalidades aqu\u00ed descritas.<\/p>\n<p>En caso de duda o de cualquier comentario, puede dirigirse a LA FARGA, GESTI\u00d3N DE EQUIPAMIENTOS MUNICIPALES S.A. a trav\u00e9s de sus medios de atenci\u00f3n al p\u00fablico o comunicarse con nosotros a trav\u00e9s de: <a href=\"mailto:lafarga@lafarga.com\">lafarga@lafarga.com<\/a>.<\/p>\n","protected":false},"excerpt":{"rendered":"<p> [&hellip;]<\/p>\n","protected":false},"author":9,"featured_media":0,"parent":0,"menu_order":0,"comment_status":"closed","ping_status":"closed","template":"","meta":{"inline_featured_image":false,"_uag_custom_page_level_css":"","_monsterinsights_skip_tracking":false,"_monsterinsights_sitenote_active":false,"_monsterinsights_sitenote_note":"","_monsterinsights_sitenote_category":0,"site-sidebar-layout":"default","site-content-layout":"","ast-site-content-layout":"default","site-content-style":"default","site-sidebar-style":"default","ast-global-header-display":"","ast-banner-title-visibility":"","ast-main-header-display":"","ast-hfb-above-header-display":"","ast-hfb-below-header-display":"","ast-hfb-mobile-header-display":"","site-post-title":"","ast-breadcrumbs-content":"","ast-featured-img":"","footer-sml-layout":"","ast-disable-related-posts":"","theme-transparent-header-meta":"","adv-header-id-meta":"","stick-header-meta":"","header-above-stick-meta":"","header-main-stick-meta":"","header-below-stick-meta":"","astra-migrate-meta-layouts":"default","ast-page-background-enabled":"default","ast-page-background-meta":{"desktop":{"background-color":"var(--ast-global-color-4)","background-image":"","background-repeat":"repeat","background-position":"center center","background-size":"auto","background-attachment":"scroll","background-type":"","background-media":"","overlay-type":"","overlay-color":"","overlay-opacity":"","overlay-gradient":""},"tablet":{"background-color":"","background-image":"","background-repeat":"repeat","background-position":"center center","background-size":"auto","background-attachment":"scroll","background-type":"","background-media":"","overlay-type":"","overlay-color":"","overlay-opacity":"","overlay-gradient":""},"mobile":{"background-color":"","background-image":"","background-repeat":"repeat","background-position":"center center","background-size":"auto","background-attachment":"scroll","background-type":"","background-media":"","overlay-type":"","overlay-color":"","overlay-opacity":"","overlay-gradient":""}},"ast-content-background-meta":{"desktop":{"background-color":"var(--ast-global-color-5)","background-image":"","background-repeat":"repeat","background-position":"center center","background-size":"auto","background-attachment":"scroll","background-type":"","background-media":"","overlay-type":"","overlay-color":"","overlay-opacity":"","overlay-gradient":""},"tablet":{"background-color":"var(--ast-global-color-5)","background-image":"","background-repeat":"repeat","background-position":"center center","background-size":"auto","background-attachment":"scroll","background-type":"","background-media":"","overlay-type":"","overlay-color":"","overlay-opacity":"","overlay-gradient":""},"mobile":{"background-color":"var(--ast-global-color-5)","background-image":"","background-repeat":"repeat","background-position":"center center","background-size":"auto","background-attachment":"scroll","background-type":"","background-media":"","overlay-type":"","overlay-color":"","overlay-opacity":"","overlay-gradient":""}},"footnotes":""},"class_list":["post-21048","page","type-page","status-publish","hentry"],"yoast_head":"<!-- This site is optimized with the Yoast SEO plugin v27.4 - https:\/\/yoast.com\/product\/yoast-seo-wordpress\/ -->\n<title>Pol\u00edtica de Cookies - La Farga Gesti\u00f3n de Equipamientos Municipales, S.A.<\/title>\n<meta name=\"robots\" content=\"index, follow, max-snippet:-1, max-image-preview:large, max-video-preview:-1\" \/>\n<link rel=\"canonical\" href=\"https:\/\/www.lafarga.com\/corporatiu\/politica-de-cookies\/\" \/>\n<meta property=\"og:locale\" content=\"ca_ES\" \/>\n<meta property=\"og:type\" content=\"article\" \/>\n<meta property=\"og:title\" content=\"Pol\u00edtica de Cookies - La Farga Gesti\u00f3n de Equipamientos Municipales, S.A.\" \/>\n<meta property=\"og:description\" content=\"[&hellip;]\" \/>\n<meta property=\"og:url\" content=\"https:\/\/www.lafarga.com\/corporatiu\/politica-de-cookies\/\" \/>\n<meta property=\"og:site_name\" content=\"La Farga Gesti\u00f3n de Equipamientos Municipales, S.A.\" \/>\n<meta property=\"article:modified_time\" content=\"2024-09-09T15:41:53+00:00\" \/>\n<meta name=\"twitter:label1\" content=\"Temps estimat de lectura\" \/>\n\t<meta name=\"twitter:data1\" content=\"5 minuts\" \/>\n<script type=\"application\/ld+json\" class=\"yoast-schema-graph\">{\"@context\":\"https:\\\/\\\/schema.org\",\"@graph\":[{\"@type\":\"WebPage\",\"@id\":\"https:\\\/\\\/www.lafarga.com\\\/corporatiu\\\/politica-de-cookies\\\/\",\"url\":\"https:\\\/\\\/www.lafarga.com\\\/corporatiu\\\/politica-de-cookies\\\/\",\"name\":\"Pol\u00edtica de Cookies - La Farga Gesti\u00f3n de Equipamientos Municipales, S.A.\",\"isPartOf\":{\"@id\":\"https:\\\/\\\/www.lafarga.com\\\/corporatiu\\\/#website\"},\"datePublished\":\"2024-09-09T15:33:16+00:00\",\"dateModified\":\"2024-09-09T15:41:53+00:00\",\"breadcrumb\":{\"@id\":\"https:\\\/\\\/www.lafarga.com\\\/corporatiu\\\/politica-de-cookies\\\/#breadcrumb\"},\"inLanguage\":\"ca\",\"potentialAction\":[{\"@type\":\"ReadAction\",\"target\":[\"https:\\\/\\\/www.lafarga.com\\\/corporatiu\\\/politica-de-cookies\\\/\"]}]},{\"@type\":\"BreadcrumbList\",\"@id\":\"https:\\\/\\\/www.lafarga.com\\\/corporatiu\\\/politica-de-cookies\\\/#breadcrumb\",\"itemListElement\":[{\"@type\":\"ListItem\",\"position\":1,\"name\":\"Home\",\"item\":\"https:\\\/\\\/www.lafarga.com\\\/corporatiu\\\/lafarga-hospitalet-llobregat\\\/\"},{\"@type\":\"ListItem\",\"position\":2,\"name\":\"Pol\u00edtica de Cookies\"}]},{\"@type\":\"WebSite\",\"@id\":\"https:\\\/\\\/www.lafarga.com\\\/corporatiu\\\/#website\",\"url\":\"https:\\\/\\\/www.lafarga.com\\\/corporatiu\\\/\",\"name\":\"La Farga Gesti\u00f3 d&#039;Equipaments Municipals, SA\",\"description\":\"\",\"publisher\":{\"@id\":\"https:\\\/\\\/www.lafarga.com\\\/corporatiu\\\/#organization\"},\"potentialAction\":[{\"@type\":\"SearchAction\",\"target\":{\"@type\":\"EntryPoint\",\"urlTemplate\":\"https:\\\/\\\/www.lafarga.com\\\/corporatiu\\\/?s={search_term_string}\"},\"query-input\":{\"@type\":\"PropertyValueSpecification\",\"valueRequired\":true,\"valueName\":\"search_term_string\"}}],\"inLanguage\":\"ca\"},{\"@type\":\"Organization\",\"@id\":\"https:\\\/\\\/www.lafarga.com\\\/corporatiu\\\/#organization\",\"name\":\"La Farga Gesti\u00f3 d&#039;Equipaments Municipals, SA\",\"url\":\"https:\\\/\\\/www.lafarga.com\\\/corporatiu\\\/\",\"logo\":{\"@type\":\"ImageObject\",\"inLanguage\":\"ca\",\"@id\":\"https:\\\/\\\/www.lafarga.com\\\/corporatiu\\\/#\\\/schema\\\/logo\\\/image\\\/\",\"url\":\"https:\\\/\\\/www.lafarga.com\\\/corporatiu\\\/wp-content\\\/uploads\\\/2023\\\/11\\\/logotipo_lafarga_gemsa.svg\",\"contentUrl\":\"https:\\\/\\\/www.lafarga.com\\\/corporatiu\\\/wp-content\\\/uploads\\\/2023\\\/11\\\/logotipo_lafarga_gemsa.svg\",\"width\":102,\"height\":103,\"caption\":\"La Farga Gesti\u00f3 d&#039;Equipaments Municipals, SA\"},\"image\":{\"@id\":\"https:\\\/\\\/www.lafarga.com\\\/corporatiu\\\/#\\\/schema\\\/logo\\\/image\\\/\"}}]}<\/script>\n<!-- \/ Yoast SEO plugin. -->","yoast_head_json":{"title":"Pol\u00edtica de Cookies - La Farga Gesti\u00f3n de Equipamientos Municipales, S.A.","robots":{"index":"index","follow":"follow","max-snippet":"max-snippet:-1","max-image-preview":"max-image-preview:large","max-video-preview":"max-video-preview:-1"},"canonical":"https:\/\/www.lafarga.com\/corporatiu\/politica-de-cookies\/","og_locale":"ca_ES","og_type":"article","og_title":"Pol\u00edtica de Cookies - La Farga Gesti\u00f3n de Equipamientos Municipales, S.A.","og_description":"[&hellip;]","og_url":"https:\/\/www.lafarga.com\/corporatiu\/politica-de-cookies\/","og_site_name":"La Farga Gesti\u00f3n de Equipamientos Municipales, S.A.","article_modified_time":"2024-09-09T15:41:53+00:00","twitter_misc":{"Temps estimat de lectura":"5 minuts"},"schema":{"@context":"https:\/\/schema.org","@graph":[{"@type":"WebPage","@id":"https:\/\/www.lafarga.com\/corporatiu\/politica-de-cookies\/","url":"https:\/\/www.lafarga.com\/corporatiu\/politica-de-cookies\/","name":"Pol\u00edtica de Cookies - La Farga Gesti\u00f3n de Equipamientos Municipales, S.A.","isPartOf":{"@id":"https:\/\/www.lafarga.com\/corporatiu\/#website"},"datePublished":"2024-09-09T15:33:16+00:00","dateModified":"2024-09-09T15:41:53+00:00","breadcrumb":{"@id":"https:\/\/www.lafarga.com\/corporatiu\/politica-de-cookies\/#breadcrumb"},"inLanguage":"ca","potentialAction":[{"@type":"ReadAction","target":["https:\/\/www.lafarga.com\/corporatiu\/politica-de-cookies\/"]}]},{"@type":"BreadcrumbList","@id":"https:\/\/www.lafarga.com\/corporatiu\/politica-de-cookies\/#breadcrumb","itemListElement":[{"@type":"ListItem","position":1,"name":"Home","item":"https:\/\/www.lafarga.com\/corporatiu\/lafarga-hospitalet-llobregat\/"},{"@type":"ListItem","position":2,"name":"Pol\u00edtica de Cookies"}]},{"@type":"WebSite","@id":"https:\/\/www.lafarga.com\/corporatiu\/#website","url":"https:\/\/www.lafarga.com\/corporatiu\/","name":"La Farga Gesti\u00f3 d&#039;Equipaments Municipals, SA","description":"","publisher":{"@id":"https:\/\/www.lafarga.com\/corporatiu\/#organization"},"potentialAction":[{"@type":"SearchAction","target":{"@type":"EntryPoint","urlTemplate":"https:\/\/www.lafarga.com\/corporatiu\/?s={search_term_string}"},"query-input":{"@type":"PropertyValueSpecification","valueRequired":true,"valueName":"search_term_string"}}],"inLanguage":"ca"},{"@type":"Organization","@id":"https:\/\/www.lafarga.com\/corporatiu\/#organization","name":"La Farga Gesti\u00f3 d&#039;Equipaments Municipals, SA","url":"https:\/\/www.lafarga.com\/corporatiu\/","logo":{"@type":"ImageObject","inLanguage":"ca","@id":"https:\/\/www.lafarga.com\/corporatiu\/#\/schema\/logo\/image\/","url":"https:\/\/www.lafarga.com\/corporatiu\/wp-content\/uploads\/2023\/11\/logotipo_lafarga_gemsa.svg","contentUrl":"https:\/\/www.lafarga.com\/corporatiu\/wp-content\/uploads\/2023\/11\/logotipo_lafarga_gemsa.svg","width":102,"height":103,"caption":"La Farga Gesti\u00f3 d&#039;Equipaments Municipals, SA"},"image":{"@id":"https:\/\/www.lafarga.com\/corporatiu\/#\/schema\/logo\/image\/"}}]}},"uagb_featured_image_src":{"full":false,"thumbnail":false,"medium":false,"medium_large":false,"large":false,"1536x1536":false,"2048x2048":false,"mailpoet_newsletter_max":false},"uagb_author_info":{"display_name":"Jordi Bistagne","author_link":"https:\/\/www.lafarga.com\/corporatiu\/author\/jbistagne\/"},"uagb_comment_info":0,"uagb_excerpt":"[&hellip;]","_links":{"self":[{"href":"https:\/\/www.lafarga.com\/corporatiu\/wp-json\/wp\/v2\/pages\/21048","targetHints":{"allow":["GET"]}}],"collection":[{"href":"https:\/\/www.lafarga.com\/corporatiu\/wp-json\/wp\/v2\/pages"}],"about":[{"href":"https:\/\/www.lafarga.com\/corporatiu\/wp-json\/wp\/v2\/types\/page"}],"author":[{"embeddable":true,"href":"https:\/\/www.lafarga.com\/corporatiu\/wp-json\/wp\/v2\/users\/9"}],"replies":[{"embeddable":true,"href":"https:\/\/www.lafarga.com\/corporatiu\/wp-json\/wp\/v2\/comments?post=21048"}],"version-history":[{"count":3,"href":"https:\/\/www.lafarga.com\/corporatiu\/wp-json\/wp\/v2\/pages\/21048\/revisions"}],"predecessor-version":[{"id":21056,"href":"https:\/\/www.lafarga.com\/corporatiu\/wp-json\/wp\/v2\/pages\/21048\/revisions\/21056"}],"wp:attachment":[{"href":"https:\/\/www.lafarga.com\/corporatiu\/wp-json\/wp\/v2\/media?parent=21048"}],"curies":[{"name":"wp","href":"https:\/\/api.w.org\/{rel}","templated":true}]}}