{"id":12633,"date":"2019-05-30T05:31:48","date_gmt":"2019-05-30T05:31:48","guid":{"rendered":"http:\/\/www.lafarga.com\/corporatiu\/?page_id=12633"},"modified":"2024-01-27T07:05:10","modified_gmt":"2024-01-27T07:05:10","slug":"factura-electronica-cas","status":"publish","type":"page","link":"https:\/\/www.lafarga.com\/corporatiu\/factura-electronica-cas\/","title":{"rendered":"Factura electr\u00f3nica"},"content":{"rendered":"\n<div class=\"wp-block-uagb-container contenedor uagb-block-2ee3ca16 alignfull uagb-is-root-container\"><div class=\"uagb-container-inner-blocks-wrap\">\n<div class=\"wp-block-uagb-advanced-heading uagb-block-8c412f37\"><h3 class=\"uagb-heading-text\"><strong>Presentaci\u00f3n de una factura electr\u00f3nica a trav\u00e9s del e-FACT<\/strong><\/h3><\/div>\n\n\n\n<p class=\"text18\">La factura electr\u00f3nica es una modalidad de factura que contiene todos los datos de una factura tradicional y en que no se utiliza el papel como soporte sino un documento electr\u00f3nico que ha sido firmado digitalmente.<\/p>\n\n\n\n<div class=\"wp-block-esab-accordion accordion-c2201977\" data-mode=\"global\"><div class=\"esab__container\" style=\"row-gap:10px;margin:0px 0px 0px 0px\">\n<div class=\"wp-block-esab-accordion-child\" style=\"border:1px solid var(--ast-global-color-2)\"><div class=\"esab__head esab__head_reverse\" style=\"padding:10px 10px 10px 20px;background-color:var(--ast-global-color-2)\" role=\"button\" aria-expanded=\"false\"><div class=\"esab__heading_txt\"><h5 class=\"esab__heading_tag\">\u00bfA qui\u00e9n va dirigido?<\/h5><\/div><div class=\"esab__icon\"><div class=\"esab__collapse\"><svg version=\"1.2\" viewBox=\"0 0 24 24\" width=\"24\" height=\"24\"><path fill-rule=\"evenodd\" d=\"m3.5 20.5c-4.7-4.7-4.7-12.3 0-17 4.7-4.7 12.3-4.7 17 0 4.6 4.7 4.6 12.3 0 17-4.7 4.6-12.3 4.6-17 0zm0.9-0.9c4.2 4.2 11 4.2 15.2 0 4.2-4.2 4.2-11 0-15.2-4.2-4.3-11-4.3-15.2 0-4.3 4.2-4.3 11 0 15.2z\"><\/path><path d=\"m11.4 15.9v-3.3h-3.3c-0.3 0-0.6-0.3-0.6-0.6 0-0.4 0.3-0.6 0.6-0.6h3.3v-3.3c0-0.3 0.3-0.6 0.6-0.6 0.3 0 0.6 0.3 0.6 0.6v3.3h3.3c0.3 0 0.6 0.2 0.6 0.6q0 0.2-0.2 0.4-0.2 0.2-0.4 0.2h-3.3v3.3q0 0.2-0.2 0.4-0.2 0.2-0.4 0.2c-0.4 0-0.6-0.3-0.6-0.6z\"><\/path><\/svg><\/div><div class=\"esab__expand\"><svg version=\"1.2\" viewBox=\"0 0 24 24\" width=\"24\" height=\"24\"><path fill-rule=\"evenodd\" d=\"m12 24c-6.6 0-12-5.4-12-12 0-6.6 5.4-12 12-12 6.6 0 12 5.4 12 12 0 6.6-5.4 12-12 12zm10.6-12c0-5.9-4.7-10.6-10.6-10.6-5.9 0-10.6 4.7-10.6 10.6 0 5.9 4.7 10.6 10.6 10.6 5.9 0 10.6-4.7 10.6-10.6z\"><\/path><path d=\"m5.6 11.3h12.8v1.4h-12.8z\"><\/path><\/svg><\/div><\/div><\/div><div class=\"esab__body\" style=\"border-top:1px solid var(--ast-global-color-2);padding:20px 20px 20px 20px;background-color:var(--ast-global-color-4)\">\n<p>La factura electr\u00f3nica es una modalidad de factura que contiene todos los datos de una factura tradicional y en que no se utiliza el papel como soporte sino un documento electr\u00f3nico que ha sido firmado digitalmente.<\/p>\n\n\n\n<p>La ley 25\/2013, de impulso de la factura electr\u00f3nica y de creaci\u00f3n del registro contable de facturas en el Sector P\u00fablico, establece que todos los proveedores que hayan entregado bienes o prestado servicios en la Administraci\u00f3n P\u00fablica podr\u00e1n facturar en formato electr\u00f3nico, estando obligadas, en cualquier caso:<\/p>\n\n\n\n<ol class=\"wp-block-list\" style=\"list-style-type:lower-alpha\">\n<li>Sociedades an\u00f3nimas.<\/li>\n\n\n\n<li>Sociedades de responsabilidad limitada.<\/li>\n\n\n\n<li>Personas jur\u00eddicas y entidades sin personalidad jur\u00eddicas que no tengan nacionalidad espa\u00f1ola.<\/li>\n\n\n\n<li>Establecimientos permanentes y sucursales de actividades no residentes en el territorio espa\u00f1ol en los t\u00e9rminos establecidos en la normativa tributaria.<\/li>\n\n\n\n<li>Uniones temporales de empresas.<\/li>\n\n\n\n<li>Agrupaciones de inter\u00e9s econ\u00f3mico, Agrupaciones de inter\u00e9s econ\u00f3mico europeas, Fondos de Pensiones, Fondo de capital riesgo, Fondo de inversiones, Fondo de utilizaci\u00f3n de activos, Fondo de regularizaci\u00f3n del mercado hipotecario, Fondo de titulizaci\u00f3n hipotecaria o Fondo de garant\u00eda de inversiones.<\/li>\n<\/ol>\n\n\n\n<p>La Farga Gesti\u00f3n de Equipamientos Municipales de L\u2019Hospitalet de Llobregat (La Farga), en el marco que establece la ley, ha tomado la decisi\u00f3n de que esta obligaci\u00f3n existir\u00e1 siempre y cuando el importe de la factura a presentar en La Farga sea superior a 5.000 euros, incluido el Impuesto sobre el Valor A\u00f1adido (IVA).<\/p>\n\n\n\n<p><strong>No obstante las limitaciones de obligatoriedad anteriores, cualquier persona, f\u00edsica o jur\u00eddica, que tenga que presentar facturas en La Farga independientemente del importe podr\u00e1 hacerlo en formato electr\u00f3nico.<\/strong><\/p>\n<\/div><\/div>\n\n\n\n<div class=\"wp-block-esab-accordion-child\" style=\"border:1px solid var(--ast-global-color-2)\"><div class=\"esab__head esab__head_reverse\" style=\"padding:10px 10px 10px 20px;background-color:var(--ast-global-color-2)\" role=\"button\" aria-expanded=\"false\"><div class=\"esab__heading_txt\"><h5 class=\"esab__heading_tag\">Requerimientos para presentar una factura electr\u00f3nica a trav\u00e9s del e-FACT<\/h5><\/div><div class=\"esab__icon\"><div class=\"esab__collapse\"><svg version=\"1.2\" viewBox=\"0 0 24 24\" width=\"24\" height=\"24\"><path fill-rule=\"evenodd\" d=\"m3.5 20.5c-4.7-4.7-4.7-12.3 0-17 4.7-4.7 12.3-4.7 17 0 4.6 4.7 4.6 12.3 0 17-4.7 4.6-12.3 4.6-17 0zm0.9-0.9c4.2 4.2 11 4.2 15.2 0 4.2-4.2 4.2-11 0-15.2-4.2-4.3-11-4.3-15.2 0-4.3 4.2-4.3 11 0 15.2z\"><\/path><path d=\"m11.4 15.9v-3.3h-3.3c-0.3 0-0.6-0.3-0.6-0.6 0-0.4 0.3-0.6 0.6-0.6h3.3v-3.3c0-0.3 0.3-0.6 0.6-0.6 0.3 0 0.6 0.3 0.6 0.6v3.3h3.3c0.3 0 0.6 0.2 0.6 0.6q0 0.2-0.2 0.4-0.2 0.2-0.4 0.2h-3.3v3.3q0 0.2-0.2 0.4-0.2 0.2-0.4 0.2c-0.4 0-0.6-0.3-0.6-0.6z\"><\/path><\/svg><\/div><div class=\"esab__expand\"><svg version=\"1.2\" viewBox=\"0 0 24 24\" width=\"24\" height=\"24\"><path fill-rule=\"evenodd\" d=\"m12 24c-6.6 0-12-5.4-12-12 0-6.6 5.4-12 12-12 6.6 0 12 5.4 12 12 0 6.6-5.4 12-12 12zm10.6-12c0-5.9-4.7-10.6-10.6-10.6-5.9 0-10.6 4.7-10.6 10.6 0 5.9 4.7 10.6 10.6 10.6 5.9 0 10.6-4.7 10.6-10.6z\"><\/path><path d=\"m5.6 11.3h12.8v1.4h-12.8z\"><\/path><\/svg><\/div><\/div><\/div><div class=\"esab__body\" style=\"border-top:1px solid var(--ast-global-color-2);padding:20px 20px 20px 20px;background-color:var(--ast-global-color-4)\">\n<p>Las facturas se presentar\u00e1n en formato Facturae a trav\u00e9s de Internet, deben estar firmadas electr\u00f3nicamente y debe incluir la identificaci\u00f3n necesaria para relacionarlas con los datos de contrataci\u00f3n y autorizaci\u00f3n del gasto para poder tramitarlas y, en concreto, los siguientes datos:<\/p>\n\n\n\n<ol class=\"wp-block-list\" style=\"list-style-type:lower-alpha\">\n<li>Identificar los \u00f3rganos administrativos, bajo el campo\u00a0<em>AdministrativeCentre<\/em>, de la siguiente forma:\n<ol class=\"wp-block-list\">\n<li>La\u00a0<strong>Oficina Contable<\/strong>, se identifica como un centro (<em>CentreCode<\/em>) con el c\u00f3digo\u00a0<strong>LA0010894<\/strong>\u00a0y el rol\u00a0<em>(RoleTypeCode)<\/em>\u00a0<strong>01<\/strong>.<\/li>\n\n\n\n<li>L\u2019<strong>\u00d2rgan Gestor<\/strong>, se identifica como un centro\u00a0<em>(CentreCode)<\/em>\u00a0con el c\u00f3digo\u00a0<strong>LA0010894<\/strong>\u00a0y el rol\u00a0<em>(RoleTypeCode)<\/em>\u00a0<strong>02<\/strong>.<\/li>\n\n\n\n<li>La\u00a0<strong>Unitat Tramitadora<\/strong>, se identifica como un centro\u00a0<em>(CentreCode)<\/em>\u00a0con el c\u00f3digo\u00a0<strong>LA0010894<\/strong>\u00a0y el rol\u00a0<em>(RoleTypeCode)<\/em>\u00a0<strong>03<\/strong>.<\/li>\n\n\n\n<li>Identifique el\u00a0<strong>servicio de La Farga<\/strong>\u00a0que hace el encargo y ha recibido el servicio que se factura. Para hacerlo, identifique un cuarto\u00a0<em>AdministrativeCentre<\/em>\u00a0con los siguientes valor:\n<ul class=\"wp-block-list\">\n<li>El campo centro\u00a0<em>(CentreCode)<\/em>\u00a0se dejar\u00e1 en blanco.<\/li>\n\n\n\n<li>En el campo de rol\u00a0<em>(RoleTypeCode)<\/em>\u00a0se introducir\u00e1 el c\u00f3digo\u00a0<strong>04<\/strong>, que identifica seg\u00fan el est\u00e1ndar el \u00d3rgano Promotor.<\/li>\n\n\n\n<li>En el campo nombre\u00a0<em>(Name)<\/em>\u00a0se introducir\u00e1 la denominaci\u00f3n La Farga.<\/li>\n<\/ul>\n<\/li>\n<\/ol>\n<\/li>\n\n\n\n<li>En caso de que el encargo se haya formalizado a trav\u00e9s de un acuerdo o resoluci\u00f3n de La Farga, el n\u00famero de resoluci\u00f3n se incorporar\u00e1 en el campo\u00a0<em>ReceiverContractReference<\/em>\u00a0de la factura electr\u00f3nica.<\/li>\n<\/ol>\n\n\n\n<p><br>Entre en el Buz\u00f3n de entrega de facturas (<a href=\"https:\/\/efact.eacat.cat\/bustia\/?emisorId=1377\" target=\"_blank\" rel=\"noreferrer noopener\">https:\/\/efact.eacat.cat\/bustia\/?emisorId=1377<\/a>) y siga las instrucciones.<\/p>\n<\/div><\/div>\n\n\n\n<div class=\"wp-block-esab-accordion-child\" style=\"border:1px solid var(--ast-global-color-2)\"><div class=\"esab__head esab__head_reverse\" style=\"padding:10px 10px 10px 20px;background-color:var(--ast-global-color-2)\" role=\"button\" aria-expanded=\"false\"><div class=\"esab__heading_txt\"><h5 class=\"esab__heading_tag\">Documentaci\u00f3n necesaria<\/h5><\/div><div class=\"esab__icon\"><div class=\"esab__collapse\"><svg version=\"1.2\" viewBox=\"0 0 24 24\" width=\"24\" height=\"24\"><path fill-rule=\"evenodd\" d=\"m3.5 20.5c-4.7-4.7-4.7-12.3 0-17 4.7-4.7 12.3-4.7 17 0 4.6 4.7 4.6 12.3 0 17-4.7 4.6-12.3 4.6-17 0zm0.9-0.9c4.2 4.2 11 4.2 15.2 0 4.2-4.2 4.2-11 0-15.2-4.2-4.3-11-4.3-15.2 0-4.3 4.2-4.3 11 0 15.2z\"><\/path><path d=\"m11.4 15.9v-3.3h-3.3c-0.3 0-0.6-0.3-0.6-0.6 0-0.4 0.3-0.6 0.6-0.6h3.3v-3.3c0-0.3 0.3-0.6 0.6-0.6 0.3 0 0.6 0.3 0.6 0.6v3.3h3.3c0.3 0 0.6 0.2 0.6 0.6q0 0.2-0.2 0.4-0.2 0.2-0.4 0.2h-3.3v3.3q0 0.2-0.2 0.4-0.2 0.2-0.4 0.2c-0.4 0-0.6-0.3-0.6-0.6z\"><\/path><\/svg><\/div><div class=\"esab__expand\"><svg version=\"1.2\" viewBox=\"0 0 24 24\" width=\"24\" height=\"24\"><path fill-rule=\"evenodd\" d=\"m12 24c-6.6 0-12-5.4-12-12 0-6.6 5.4-12 12-12 6.6 0 12 5.4 12 12 0 6.6-5.4 12-12 12zm10.6-12c0-5.9-4.7-10.6-10.6-10.6-5.9 0-10.6 4.7-10.6 10.6 0 5.9 4.7 10.6 10.6 10.6 5.9 0 10.6-4.7 10.6-10.6z\"><\/path><path d=\"m5.6 11.3h12.8v1.4h-12.8z\"><\/path><\/svg><\/div><\/div><\/div><div class=\"esab__body\" style=\"border-top:1px solid var(--ast-global-color-2);padding:20px 20px 20px 20px;background-color:var(--ast-global-color-4)\">\n<ul class=\"listas1 wp-block-list\">\n<li>Factura en formato\u00a0<a href=\"http:\/\/www.facturae.gob.es\/\" target=\"_blank\" rel=\"noreferrer noopener\">Facturae<\/a><\/li>\n\n\n\n<li>Documentaci\u00f3n adjunta requerida en el contrato<br><br><\/li>\n\n\n\n<li>Si es la primera vez que factura a La Farga o ha cambiado los datos de su cuenta bancaria:<\/li>\n\n\n\n<li>Impreso de transferencia bancaria para el alta o modificaci\u00f3n<\/li>\n\n\n\n<li>NIF (fotocopia)<\/li>\n<\/ul>\n<\/div><\/div>\n\n\n\n<div class=\"wp-block-esab-accordion-child\" style=\"border:1px solid var(--ast-global-color-2)\"><div class=\"esab__head esab__head_reverse\" style=\"padding:10px 10px 10px 20px;background-color:var(--ast-global-color-2)\" role=\"button\" aria-expanded=\"false\"><div class=\"esab__heading_txt\"><h5 class=\"esab__heading_tag\">Normativa aplicable<\/h5><\/div><div class=\"esab__icon\"><div class=\"esab__collapse\"><svg version=\"1.2\" viewBox=\"0 0 24 24\" width=\"24\" height=\"24\"><path fill-rule=\"evenodd\" d=\"m3.5 20.5c-4.7-4.7-4.7-12.3 0-17 4.7-4.7 12.3-4.7 17 0 4.6 4.7 4.6 12.3 0 17-4.7 4.6-12.3 4.6-17 0zm0.9-0.9c4.2 4.2 11 4.2 15.2 0 4.2-4.2 4.2-11 0-15.2-4.2-4.3-11-4.3-15.2 0-4.3 4.2-4.3 11 0 15.2z\"><\/path><path d=\"m11.4 15.9v-3.3h-3.3c-0.3 0-0.6-0.3-0.6-0.6 0-0.4 0.3-0.6 0.6-0.6h3.3v-3.3c0-0.3 0.3-0.6 0.6-0.6 0.3 0 0.6 0.3 0.6 0.6v3.3h3.3c0.3 0 0.6 0.2 0.6 0.6q0 0.2-0.2 0.4-0.2 0.2-0.4 0.2h-3.3v3.3q0 0.2-0.2 0.4-0.2 0.2-0.4 0.2c-0.4 0-0.6-0.3-0.6-0.6z\"><\/path><\/svg><\/div><div class=\"esab__expand\"><svg version=\"1.2\" viewBox=\"0 0 24 24\" width=\"24\" height=\"24\"><path fill-rule=\"evenodd\" d=\"m12 24c-6.6 0-12-5.4-12-12 0-6.6 5.4-12 12-12 6.6 0 12 5.4 12 12 0 6.6-5.4 12-12 12zm10.6-12c0-5.9-4.7-10.6-10.6-10.6-5.9 0-10.6 4.7-10.6 10.6 0 5.9 4.7 10.6 10.6 10.6 5.9 0 10.6-4.7 10.6-10.6z\"><\/path><path d=\"m5.6 11.3h12.8v1.4h-12.8z\"><\/path><\/svg><\/div><\/div><\/div><div class=\"esab__body\" style=\"border-top:1px solid var(--ast-global-color-2);padding:20px 20px 20px 20px;background-color:var(--ast-global-color-4)\">\n<ul class=\"listas1 wp-block-list\">\n<li>Ley 25\/2013, de impulso de la factura electr\u00f3nica y de creaci\u00f3n del registro contable de facturas en el Sector P\u00fablico<\/li>\n<\/ul>\n<\/div><\/div>\n\n\n\n<div class=\"wp-block-esab-accordion-child\" style=\"border:1px solid var(--ast-global-color-2)\"><div class=\"esab__head esab__head_reverse\" style=\"padding:10px 10px 10px 20px;background-color:var(--ast-global-color-2)\" role=\"button\" aria-expanded=\"false\"><div class=\"esab__heading_txt\"><h5 class=\"esab__heading_tag\">M\u00e1s informaci\u00f3n<\/h5><\/div><div class=\"esab__icon\"><div class=\"esab__collapse\"><svg version=\"1.2\" viewBox=\"0 0 24 24\" width=\"24\" height=\"24\"><path fill-rule=\"evenodd\" d=\"m3.5 20.5c-4.7-4.7-4.7-12.3 0-17 4.7-4.7 12.3-4.7 17 0 4.6 4.7 4.6 12.3 0 17-4.7 4.6-12.3 4.6-17 0zm0.9-0.9c4.2 4.2 11 4.2 15.2 0 4.2-4.2 4.2-11 0-15.2-4.2-4.3-11-4.3-15.2 0-4.3 4.2-4.3 11 0 15.2z\"><\/path><path d=\"m11.4 15.9v-3.3h-3.3c-0.3 0-0.6-0.3-0.6-0.6 0-0.4 0.3-0.6 0.6-0.6h3.3v-3.3c0-0.3 0.3-0.6 0.6-0.6 0.3 0 0.6 0.3 0.6 0.6v3.3h3.3c0.3 0 0.6 0.2 0.6 0.6q0 0.2-0.2 0.4-0.2 0.2-0.4 0.2h-3.3v3.3q0 0.2-0.2 0.4-0.2 0.2-0.4 0.2c-0.4 0-0.6-0.3-0.6-0.6z\"><\/path><\/svg><\/div><div class=\"esab__expand\"><svg version=\"1.2\" viewBox=\"0 0 24 24\" width=\"24\" height=\"24\"><path fill-rule=\"evenodd\" d=\"m12 24c-6.6 0-12-5.4-12-12 0-6.6 5.4-12 12-12 6.6 0 12 5.4 12 12 0 6.6-5.4 12-12 12zm10.6-12c0-5.9-4.7-10.6-10.6-10.6-5.9 0-10.6 4.7-10.6 10.6 0 5.9 4.7 10.6 10.6 10.6 5.9 0 10.6-4.7 10.6-10.6z\"><\/path><path d=\"m5.6 11.3h12.8v1.4h-12.8z\"><\/path><\/svg><\/div><\/div><\/div><div class=\"esab__body\" style=\"border-top:1px solid var(--ast-global-color-2);padding:20px 20px 20px 20px;background-color:var(--ast-global-color-4)\">\n<ul class=\"listas1 wp-block-list\">\n<li>Para informaci\u00f3n b\u00e1sica relacionada con la creaci\u00f3n, env\u00edo o recepci\u00f3n de facturas electr\u00f3nicas puede consultar:<br><a href=\"https:\/\/www.aoc.cat\/portal-suport\/efact-empreses\/idservei\/efact_empreses\/\" target=\"_blank\" rel=\"noreferrer noopener\">https:\/\/www.aoc.cat\/portal-suport\/efact-empreses\/idservei\/efact_empreses\/<\/a><\/li>\n\n\n\n<li>Si tiene dudas de c\u00f3mo completar los campos exigidos por La Farga:<br><a href=\"mailto:efactura@lafarga.com\">efactura@lafarga.com<\/a><\/li>\n\n\n\n<li>Sobre el formato Facturae:<br><a href=\"http:\/\/www.facturae.es\/\" target=\"_blank\" rel=\"noreferrer noopener\">http:\/\/www.facturae.es<\/a>.<\/li>\n<\/ul>\n<\/div><\/div>\n<\/div><\/div>\n<\/div><\/div>\n","protected":false},"excerpt":{"rendered":"<p> [&hellip;]<\/p>\n","protected":false},"author":8,"featured_media":0,"parent":0,"menu_order":0,"comment_status":"closed","ping_status":"closed","template":"","meta":{"inline_featured_image":false,"_uag_custom_page_level_css":"","_monsterinsights_skip_tracking":false,"_monsterinsights_sitenote_active":false,"_monsterinsights_sitenote_note":"","_monsterinsights_sitenote_category":0,"site-sidebar-layout":"default","site-content-layout":"","ast-site-content-layout":"default","site-content-style":"default","site-sidebar-style":"default","ast-global-header-display":"","ast-banner-title-visibility":"","ast-main-header-display":"","ast-hfb-above-header-display":"","ast-hfb-below-header-display":"","ast-hfb-mobile-header-display":"","site-post-title":"","ast-breadcrumbs-content":"","ast-featured-img":"","footer-sml-layout":"","ast-disable-related-posts":"","theme-transparent-header-meta":"","adv-header-id-meta":"","stick-header-meta":"","header-above-stick-meta":"","header-main-stick-meta":"","header-below-stick-meta":"","astra-migrate-meta-layouts":"default","ast-page-background-enabled":"default","ast-page-background-meta":{"desktop":{"background-color":"var(--ast-global-color-4)","background-image":"","background-repeat":"repeat","background-position":"center center","background-size":"auto","background-attachment":"scroll","background-type":"","background-media":"","overlay-type":"","overlay-color":"","overlay-opacity":"","overlay-gradient":""},"tablet":{"background-color":"","background-image":"","background-repeat":"repeat","background-position":"center center","background-size":"auto","background-attachment":"scroll","background-type":"","background-media":"","overlay-type":"","overlay-color":"","overlay-opacity":"","overlay-gradient":""},"mobile":{"background-color":"","background-image":"","background-repeat":"repeat","background-position":"center center","background-size":"auto","background-attachment":"scroll","background-type":"","background-media":"","overlay-type":"","overlay-color":"","overlay-opacity":"","overlay-gradient":""}},"ast-content-background-meta":{"desktop":{"background-color":"var(--ast-global-color-5)","background-image":"","background-repeat":"repeat","background-position":"center center","background-size":"auto","background-attachment":"scroll","background-type":"","background-media":"","overlay-type":"","overlay-color":"","overlay-opacity":"","overlay-gradient":""},"tablet":{"background-color":"var(--ast-global-color-5)","background-image":"","background-repeat":"repeat","background-position":"center center","background-size":"auto","background-attachment":"scroll","background-type":"","background-media":"","overlay-type":"","overlay-color":"","overlay-opacity":"","overlay-gradient":""},"mobile":{"background-color":"var(--ast-global-color-5)","background-image":"","background-repeat":"repeat","background-position":"center center","background-size":"auto","background-attachment":"scroll","background-type":"","background-media":"","overlay-type":"","overlay-color":"","overlay-opacity":"","overlay-gradient":""}},"footnotes":""},"class_list":["post-12633","page","type-page","status-publish","hentry"],"yoast_head":"<!-- This site is optimized with the Yoast SEO plugin v27.5 - https:\/\/yoast.com\/product\/yoast-seo-wordpress\/ -->\n<title>Factura electr\u00f3nica - La Farga Gesti\u00f3n de Equipamientos Municipales, S.A.<\/title>\n<meta name=\"robots\" content=\"index, follow, max-snippet:-1, max-image-preview:large, max-video-preview:-1\" \/>\n<link rel=\"canonical\" href=\"https:\/\/www.lafarga.com\/corporatiu\/factura-electronica-cas\/\" \/>\n<meta property=\"og:locale\" content=\"ca_ES\" \/>\n<meta property=\"og:type\" content=\"article\" \/>\n<meta property=\"og:title\" content=\"Factura electr\u00f3nica - La Farga Gesti\u00f3n de Equipamientos Municipales, S.A.\" \/>\n<meta property=\"og:description\" content=\"[&hellip;]\" \/>\n<meta property=\"og:url\" content=\"https:\/\/www.lafarga.com\/corporatiu\/factura-electronica-cas\/\" \/>\n<meta property=\"og:site_name\" content=\"La Farga Gesti\u00f3n de Equipamientos Municipales, S.A.\" \/>\n<meta property=\"article:modified_time\" content=\"2024-01-27T07:05:10+00:00\" \/>\n<meta name=\"twitter:label1\" content=\"Temps estimat de lectura\" \/>\n\t<meta name=\"twitter:data1\" content=\"4 minuts\" \/>\n<script type=\"application\/ld+json\" class=\"yoast-schema-graph\">{\"@context\":\"https:\\\/\\\/schema.org\",\"@graph\":[{\"@type\":\"WebPage\",\"@id\":\"https:\\\/\\\/www.lafarga.com\\\/corporatiu\\\/factura-electronica-cas\\\/\",\"url\":\"https:\\\/\\\/www.lafarga.com\\\/corporatiu\\\/factura-electronica-cas\\\/\",\"name\":\"Factura electr\u00f3nica - La Farga Gesti\u00f3n de Equipamientos Municipales, S.A.\",\"isPartOf\":{\"@id\":\"https:\\\/\\\/www.lafarga.com\\\/corporatiu\\\/#website\"},\"datePublished\":\"2019-05-30T05:31:48+00:00\",\"dateModified\":\"2024-01-27T07:05:10+00:00\",\"breadcrumb\":{\"@id\":\"https:\\\/\\\/www.lafarga.com\\\/corporatiu\\\/factura-electronica-cas\\\/#breadcrumb\"},\"inLanguage\":\"ca\",\"potentialAction\":[{\"@type\":\"ReadAction\",\"target\":[\"https:\\\/\\\/www.lafarga.com\\\/corporatiu\\\/factura-electronica-cas\\\/\"]}]},{\"@type\":\"BreadcrumbList\",\"@id\":\"https:\\\/\\\/www.lafarga.com\\\/corporatiu\\\/factura-electronica-cas\\\/#breadcrumb\",\"itemListElement\":[{\"@type\":\"ListItem\",\"position\":1,\"name\":\"Home\",\"item\":\"https:\\\/\\\/www.lafarga.com\\\/corporatiu\\\/lafarga-hospitalet-llobregat\\\/\"},{\"@type\":\"ListItem\",\"position\":2,\"name\":\"Factura electr\u00f3nica\"}]},{\"@type\":\"WebSite\",\"@id\":\"https:\\\/\\\/www.lafarga.com\\\/corporatiu\\\/#website\",\"url\":\"https:\\\/\\\/www.lafarga.com\\\/corporatiu\\\/\",\"name\":\"La Farga Gesti\u00f3 d&#039;Equipaments Municipals, SA\",\"description\":\"\",\"publisher\":{\"@id\":\"https:\\\/\\\/www.lafarga.com\\\/corporatiu\\\/#organization\"},\"potentialAction\":[{\"@type\":\"SearchAction\",\"target\":{\"@type\":\"EntryPoint\",\"urlTemplate\":\"https:\\\/\\\/www.lafarga.com\\\/corporatiu\\\/?s={search_term_string}\"},\"query-input\":{\"@type\":\"PropertyValueSpecification\",\"valueRequired\":true,\"valueName\":\"search_term_string\"}}],\"inLanguage\":\"ca\"},{\"@type\":\"Organization\",\"@id\":\"https:\\\/\\\/www.lafarga.com\\\/corporatiu\\\/#organization\",\"name\":\"La Farga Gesti\u00f3 d&#039;Equipaments Municipals, SA\",\"url\":\"https:\\\/\\\/www.lafarga.com\\\/corporatiu\\\/\",\"logo\":{\"@type\":\"ImageObject\",\"inLanguage\":\"ca\",\"@id\":\"https:\\\/\\\/www.lafarga.com\\\/corporatiu\\\/#\\\/schema\\\/logo\\\/image\\\/\",\"url\":\"https:\\\/\\\/www.lafarga.com\\\/corporatiu\\\/wp-content\\\/uploads\\\/2023\\\/11\\\/logotipo_lafarga_gemsa.svg\",\"contentUrl\":\"https:\\\/\\\/www.lafarga.com\\\/corporatiu\\\/wp-content\\\/uploads\\\/2023\\\/11\\\/logotipo_lafarga_gemsa.svg\",\"width\":102,\"height\":103,\"caption\":\"La Farga Gesti\u00f3 d&#039;Equipaments Municipals, SA\"},\"image\":{\"@id\":\"https:\\\/\\\/www.lafarga.com\\\/corporatiu\\\/#\\\/schema\\\/logo\\\/image\\\/\"}}]}<\/script>\n<!-- \/ Yoast SEO plugin. -->","yoast_head_json":{"title":"Factura electr\u00f3nica - La Farga Gesti\u00f3n de Equipamientos Municipales, S.A.","robots":{"index":"index","follow":"follow","max-snippet":"max-snippet:-1","max-image-preview":"max-image-preview:large","max-video-preview":"max-video-preview:-1"},"canonical":"https:\/\/www.lafarga.com\/corporatiu\/factura-electronica-cas\/","og_locale":"ca_ES","og_type":"article","og_title":"Factura electr\u00f3nica - La Farga Gesti\u00f3n de Equipamientos Municipales, S.A.","og_description":"[&hellip;]","og_url":"https:\/\/www.lafarga.com\/corporatiu\/factura-electronica-cas\/","og_site_name":"La Farga Gesti\u00f3n de Equipamientos Municipales, S.A.","article_modified_time":"2024-01-27T07:05:10+00:00","twitter_misc":{"Temps estimat de lectura":"4 minuts"},"schema":{"@context":"https:\/\/schema.org","@graph":[{"@type":"WebPage","@id":"https:\/\/www.lafarga.com\/corporatiu\/factura-electronica-cas\/","url":"https:\/\/www.lafarga.com\/corporatiu\/factura-electronica-cas\/","name":"Factura electr\u00f3nica - La Farga Gesti\u00f3n de Equipamientos Municipales, S.A.","isPartOf":{"@id":"https:\/\/www.lafarga.com\/corporatiu\/#website"},"datePublished":"2019-05-30T05:31:48+00:00","dateModified":"2024-01-27T07:05:10+00:00","breadcrumb":{"@id":"https:\/\/www.lafarga.com\/corporatiu\/factura-electronica-cas\/#breadcrumb"},"inLanguage":"ca","potentialAction":[{"@type":"ReadAction","target":["https:\/\/www.lafarga.com\/corporatiu\/factura-electronica-cas\/"]}]},{"@type":"BreadcrumbList","@id":"https:\/\/www.lafarga.com\/corporatiu\/factura-electronica-cas\/#breadcrumb","itemListElement":[{"@type":"ListItem","position":1,"name":"Home","item":"https:\/\/www.lafarga.com\/corporatiu\/lafarga-hospitalet-llobregat\/"},{"@type":"ListItem","position":2,"name":"Factura electr\u00f3nica"}]},{"@type":"WebSite","@id":"https:\/\/www.lafarga.com\/corporatiu\/#website","url":"https:\/\/www.lafarga.com\/corporatiu\/","name":"La Farga Gesti\u00f3 d&#039;Equipaments Municipals, SA","description":"","publisher":{"@id":"https:\/\/www.lafarga.com\/corporatiu\/#organization"},"potentialAction":[{"@type":"SearchAction","target":{"@type":"EntryPoint","urlTemplate":"https:\/\/www.lafarga.com\/corporatiu\/?s={search_term_string}"},"query-input":{"@type":"PropertyValueSpecification","valueRequired":true,"valueName":"search_term_string"}}],"inLanguage":"ca"},{"@type":"Organization","@id":"https:\/\/www.lafarga.com\/corporatiu\/#organization","name":"La Farga Gesti\u00f3 d&#039;Equipaments Municipals, SA","url":"https:\/\/www.lafarga.com\/corporatiu\/","logo":{"@type":"ImageObject","inLanguage":"ca","@id":"https:\/\/www.lafarga.com\/corporatiu\/#\/schema\/logo\/image\/","url":"https:\/\/www.lafarga.com\/corporatiu\/wp-content\/uploads\/2023\/11\/logotipo_lafarga_gemsa.svg","contentUrl":"https:\/\/www.lafarga.com\/corporatiu\/wp-content\/uploads\/2023\/11\/logotipo_lafarga_gemsa.svg","width":102,"height":103,"caption":"La Farga Gesti\u00f3 d&#039;Equipaments Municipals, SA"},"image":{"@id":"https:\/\/www.lafarga.com\/corporatiu\/#\/schema\/logo\/image\/"}}]}},"uagb_featured_image_src":{"full":false,"thumbnail":false,"medium":false,"medium_large":false,"large":false,"1536x1536":false,"2048x2048":false,"mailpoet_newsletter_max":false},"uagb_author_info":{"display_name":"admfarga","author_link":"https:\/\/www.lafarga.com\/corporatiu\/author\/admfarga\/"},"uagb_comment_info":0,"uagb_excerpt":"[&hellip;]","_links":{"self":[{"href":"https:\/\/www.lafarga.com\/corporatiu\/wp-json\/wp\/v2\/pages\/12633","targetHints":{"allow":["GET"]}}],"collection":[{"href":"https:\/\/www.lafarga.com\/corporatiu\/wp-json\/wp\/v2\/pages"}],"about":[{"href":"https:\/\/www.lafarga.com\/corporatiu\/wp-json\/wp\/v2\/types\/page"}],"author":[{"embeddable":true,"href":"https:\/\/www.lafarga.com\/corporatiu\/wp-json\/wp\/v2\/users\/8"}],"replies":[{"embeddable":true,"href":"https:\/\/www.lafarga.com\/corporatiu\/wp-json\/wp\/v2\/comments?post=12633"}],"version-history":[{"count":6,"href":"https:\/\/www.lafarga.com\/corporatiu\/wp-json\/wp\/v2\/pages\/12633\/revisions"}],"predecessor-version":[{"id":20193,"href":"https:\/\/www.lafarga.com\/corporatiu\/wp-json\/wp\/v2\/pages\/12633\/revisions\/20193"}],"wp:attachment":[{"href":"https:\/\/www.lafarga.com\/corporatiu\/wp-json\/wp\/v2\/media?parent=12633"}],"curies":[{"name":"wp","href":"https:\/\/api.w.org\/{rel}","templated":true}]}}