{"id":12605,"date":"2019-05-30T05:30:13","date_gmt":"2019-05-30T05:30:13","guid":{"rendered":"http:\/\/www.lafarga.com\/corporatiu\/?page_id=12605"},"modified":"2023-11-23T10:44:21","modified_gmt":"2023-11-23T10:44:21","slug":"factura-electronica","status":"publish","type":"page","link":"https:\/\/www.lafarga.com\/corporatiu\/factura-electronica\/","title":{"rendered":"Factura electr\u00f2nica"},"content":{"rendered":"\n<div class=\"wp-block-uagb-container contenedor uagb-block-2ee3ca16 alignfull uagb-is-root-container\"><div class=\"uagb-container-inner-blocks-wrap\">\n<div class=\"wp-block-uagb-advanced-heading uagb-block-8c412f37\"><h3 class=\"uagb-heading-text\"><strong>Presentaci\u00f3 d\u2019una factura electr\u00f2nica a trav\u00e9s de l\u2019e-FACT<\/strong><\/h3><\/div>\n\n\n\n<p class=\"text18\">La factura electr\u00f2nica \u00e9s una modalitat de factura que cont\u00e9 totes les dades d\u2019una factura tradicional i en que no s\u2019utilitza el paper com a suport sin\u00f3 un document electr\u00f2nic que ha estat signat digitalment.<\/p>\n\n\n\n<div class=\"wp-block-esab-accordion accordion-40848064\" data-mode=\"global\"><div class=\"esab__container\" style=\"row-gap:10px;margin:0px 0px 0px 0px\">\n<div class=\"wp-block-esab-accordion-child\" style=\"border:1px solid var(--ast-global-color-2)\"><div class=\"esab__head esab__head_reverse\" style=\"padding:10px 10px 10px 20px;background-color:var(--ast-global-color-2)\" role=\"button\" aria-expanded=\"false\"><div class=\"esab__heading_txt\"><h5 class=\"esab__heading_tag\">A qui va dirigit?<\/h5><\/div><div class=\"esab__icon\"><div class=\"esab__collapse\"><svg version=\"1.2\" viewBox=\"0 0 24 24\" width=\"24\" height=\"24\"><path fill-rule=\"evenodd\" d=\"m3.5 20.5c-4.7-4.7-4.7-12.3 0-17 4.7-4.7 12.3-4.7 17 0 4.6 4.7 4.6 12.3 0 17-4.7 4.6-12.3 4.6-17 0zm0.9-0.9c4.2 4.2 11 4.2 15.2 0 4.2-4.2 4.2-11 0-15.2-4.2-4.3-11-4.3-15.2 0-4.3 4.2-4.3 11 0 15.2z\"><\/path><path d=\"m11.4 15.9v-3.3h-3.3c-0.3 0-0.6-0.3-0.6-0.6 0-0.4 0.3-0.6 0.6-0.6h3.3v-3.3c0-0.3 0.3-0.6 0.6-0.6 0.3 0 0.6 0.3 0.6 0.6v3.3h3.3c0.3 0 0.6 0.2 0.6 0.6q0 0.2-0.2 0.4-0.2 0.2-0.4 0.2h-3.3v3.3q0 0.2-0.2 0.4-0.2 0.2-0.4 0.2c-0.4 0-0.6-0.3-0.6-0.6z\"><\/path><\/svg><\/div><div class=\"esab__expand\"><svg version=\"1.2\" viewBox=\"0 0 24 24\" width=\"24\" height=\"24\"><path fill-rule=\"evenodd\" d=\"m12 24c-6.6 0-12-5.4-12-12 0-6.6 5.4-12 12-12 6.6 0 12 5.4 12 12 0 6.6-5.4 12-12 12zm10.6-12c0-5.9-4.7-10.6-10.6-10.6-5.9 0-10.6 4.7-10.6 10.6 0 5.9 4.7 10.6 10.6 10.6 5.9 0 10.6-4.7 10.6-10.6z\"><\/path><path d=\"m5.6 11.3h12.8v1.4h-12.8z\"><\/path><\/svg><\/div><\/div><\/div><div class=\"esab__body\" style=\"border-top:1px solid var(--ast-global-color-2);padding:20px 20px 20px 20px;background-color:var(--ast-global-color-4)\">\n<p>La factura electr\u00f2nica \u00e9s una modalitat de factura que cont\u00e9 totes les dades d\u2019una factura tradicional i en que no s\u2019utilitza el paper com a suport sin\u00f3 un document electr\u00f2nic que ha estat signat digitalment.<\/p>\n\n\n\n<p>La llei 25\/2013, d\u2019impuls de la factura electr\u00f2nica i de creaci\u00f3 del registre comptable de factures al Sector P\u00fablic, estableix que tots els prove\u00efdors que hagin entregat b\u00e9ns o prestat serveis a l\u2019Administraci\u00f3 P\u00fablica podran facturar en format electr\u00f2nic, estant obligades, en qualsevol cas:<\/p>\n\n\n\n<ol class=\"wp-block-list\" style=\"list-style-type:lower-alpha\">\n<li>Societats an\u00f2nimes.<\/li>\n\n\n\n<li>Societats de responsabilitat limitada.<\/li>\n\n\n\n<li>Persones jur\u00eddiques i entitats sense personalitat jur\u00eddiques que no tinguin nacionalitat espanyola.<\/li>\n\n\n\n<li>Establiments permanents i sucursals d\u2019activitats no residents en el territori espanyol en els termes que estableix la normativa tribut\u00e0ria.<\/li>\n\n\n\n<li>Unions temporals d\u2019empreses.<\/li>\n\n\n\n<li>Agrupacions d\u2019inter\u00e8s econ\u00f2mic, Agrupacions d\u2019inter\u00e8s econ\u00f2mic europees, Fons de Pensions, Fons de capital risc, Fons d\u2019inversions, Fons d\u2019utilitzaci\u00f3 d\u2019actius, Fons de regularitzaci\u00f3 del mercat hipotecari, Fons de titulitzaci\u00f3 hipotec\u00e0ria o Fons de garantia d\u2019inversions.<\/li>\n<\/ol>\n\n\n\n<p><br>La Farga Gesti\u00f3 d\u2019Equipaments Municipals de L\u2019Hospitalet de Llobregat (La Farga), en el marc que estableix la llei esmentada, ha pres la decisi\u00f3 que aquesta obligaci\u00f3 existir\u00e0 sempre i quan l\u2019import de la factura a presentar a La Farga sigui superior a 5.000 euros, incl\u00f2s l\u2019Impost sobre el Valor Afegit (IVA).<\/p>\n\n\n\n<p><strong>No obstant les limitacions d\u2019obligatorietat anteriors, qualsevol persona, f\u00edsica o jur\u00eddica, que hagi de presentar factures a La Farga independentment de l\u2019import podr\u00e0 fer-ho en format electr\u00f2nic.<\/strong><\/p>\n<\/div><\/div>\n\n\n\n<div class=\"wp-block-esab-accordion-child\" style=\"border:1px solid var(--ast-global-color-2)\"><div class=\"esab__head esab__head_reverse\" style=\"padding:10px 10px 10px 20px;background-color:var(--ast-global-color-2)\" role=\"button\" aria-expanded=\"false\"><div class=\"esab__heading_txt\"><h5 class=\"esab__heading_tag\">Requeriments per a presentar una <strong>factura electr\u00f2nica a trav\u00e9s de l\u2019e-FACT<\/strong><\/h5><\/div><div class=\"esab__icon\"><div class=\"esab__collapse\"><svg version=\"1.2\" viewBox=\"0 0 24 24\" width=\"24\" height=\"24\"><path fill-rule=\"evenodd\" d=\"m3.5 20.5c-4.7-4.7-4.7-12.3 0-17 4.7-4.7 12.3-4.7 17 0 4.6 4.7 4.6 12.3 0 17-4.7 4.6-12.3 4.6-17 0zm0.9-0.9c4.2 4.2 11 4.2 15.2 0 4.2-4.2 4.2-11 0-15.2-4.2-4.3-11-4.3-15.2 0-4.3 4.2-4.3 11 0 15.2z\"><\/path><path d=\"m11.4 15.9v-3.3h-3.3c-0.3 0-0.6-0.3-0.6-0.6 0-0.4 0.3-0.6 0.6-0.6h3.3v-3.3c0-0.3 0.3-0.6 0.6-0.6 0.3 0 0.6 0.3 0.6 0.6v3.3h3.3c0.3 0 0.6 0.2 0.6 0.6q0 0.2-0.2 0.4-0.2 0.2-0.4 0.2h-3.3v3.3q0 0.2-0.2 0.4-0.2 0.2-0.4 0.2c-0.4 0-0.6-0.3-0.6-0.6z\"><\/path><\/svg><\/div><div class=\"esab__expand\"><svg version=\"1.2\" viewBox=\"0 0 24 24\" width=\"24\" height=\"24\"><path fill-rule=\"evenodd\" d=\"m12 24c-6.6 0-12-5.4-12-12 0-6.6 5.4-12 12-12 6.6 0 12 5.4 12 12 0 6.6-5.4 12-12 12zm10.6-12c0-5.9-4.7-10.6-10.6-10.6-5.9 0-10.6 4.7-10.6 10.6 0 5.9 4.7 10.6 10.6 10.6 5.9 0 10.6-4.7 10.6-10.6z\"><\/path><path d=\"m5.6 11.3h12.8v1.4h-12.8z\"><\/path><\/svg><\/div><\/div><\/div><div class=\"esab__body\" style=\"border-top:1px solid var(--ast-global-color-2);padding:20px 20px 20px 20px;background-color:var(--ast-global-color-4)\">\n<p>Les factures s\u2019han de presentar en format Facturae a trav\u00e9s d\u2019Internet, han d\u2019estar signades electr\u00f2nicament i hi ha d\u2019incloure la identificaci\u00f3 necess\u00e0ria per relacionar-les amb les dades de contractaci\u00f3 i autoritzaci\u00f3 de la despesa per poder tramitar-les i, en concret, les dades seg\u00fcents:<\/p>\n\n\n\n<ol class=\"wp-block-list\" style=\"list-style-type:lower-alpha\">\n<li>Identifiqueu els \u00f2rgans administratius, sota el camp\u00a0<em>AdministrativeCentre<\/em>, de la manera seg\u00fcent:\n<ol class=\"wp-block-list\">\n<li>L\u2019<strong>Oficina Comptable<\/strong>, s\u2019identifica com un centre (<em>CentreCode<\/em>) amb el codi&nbsp;<strong>LA0010894<\/strong>&nbsp;i el rol&nbsp;<em>(RoleTypeCode)<\/em>&nbsp;<strong>01<\/strong>.<\/li>\n\n\n\n<li>L\u2019<strong>\u00d2rgan Gestor<\/strong>, s\u2019identifica com un centre&nbsp;<em>(CentreCode)<\/em>&nbsp;amb el codi&nbsp;<strong>LA0010894<\/strong>&nbsp;i el rol&nbsp;<em>(RoleTypeCode)<\/em>&nbsp;<strong>02<\/strong>.<\/li>\n\n\n\n<li>La&nbsp;<strong>Unitat Tramitadora<\/strong>, s\u2019identifica com un centre&nbsp;<em>(CentreCode)<\/em>&nbsp;amb el codi&nbsp;<strong>LA0010894<\/strong>&nbsp;i el rol&nbsp;<em>(RoleTypeCode)<\/em>&nbsp;<strong>03<\/strong>.<\/li>\n\n\n\n<li>Identifiqueu el\u00a0<strong>servei de La Farga<\/strong>\u00a0que fa l\u2019enc\u00e0rrec i ha rebut el servei que es factura. Per fer-ho, identifiqueu un quart\u00a0<em>AdministrativeCentre<\/em>\u00a0amb els valors seg\u00fcents:\n<ul class=\"wp-block-list\">\n<li>El camp centre&nbsp;<em>(CentreCode)<\/em>&nbsp;es deixar\u00e0 en blanc.<\/li>\n\n\n\n<li>En el camp de rol&nbsp;<em>(RoleTypeCode)<\/em>&nbsp;s\u2019hi introduir\u00e0 el codi&nbsp;<strong>04<\/strong>, que identifica segons l\u2019est\u00e0ndard l\u2019\u00d2rgan Promotor.<\/li>\n\n\n\n<li>En el camp nom\u00a0<em>(Name)<\/em>\u00a0s\u2019hi introduir\u00e0 la denominaci\u00f3 La Farga.<br><\/li>\n<\/ul>\n<\/li>\n<\/ol>\n<\/li>\n\n\n\n<li>En cas que l\u2019enc\u00e0rrec s\u2019hagi formalitzat a trav\u00e9s d\u2019un acord o resoluci\u00f3 de La Farga, el n\u00famero de resoluci\u00f3 s\u2019ha d\u2019incorporar en el camp\u00a0<em>ReceiverContractReference<\/em>\u00a0de la factura electr\u00f2nica.<\/li>\n<\/ol>\n\n\n\n<p><br>Entreu a la B\u00fastia de lliurament de factures (<a href=\"https:\/\/efact.eacat.cat\/bustia\/?emisorId=1377\" target=\"_blank\" rel=\"noreferrer noopener\">https:\/\/efact.eacat.cat\/bustia\/?emisorId=1377<\/a>) i seguiu les instruccions.<\/p>\n<\/div><\/div>\n\n\n\n<div class=\"wp-block-esab-accordion-child\" style=\"border:1px solid var(--ast-global-color-2)\"><div class=\"esab__head esab__head_reverse\" style=\"padding:10px 10px 10px 20px;background-color:var(--ast-global-color-2)\" role=\"button\" aria-expanded=\"false\"><div class=\"esab__heading_txt\"><h5 class=\"esab__heading_tag\">Documentaci\u00f3 necess\u00e0ria<\/h5><\/div><div class=\"esab__icon\"><div class=\"esab__collapse\"><svg version=\"1.2\" viewBox=\"0 0 24 24\" width=\"24\" height=\"24\"><path fill-rule=\"evenodd\" d=\"m3.5 20.5c-4.7-4.7-4.7-12.3 0-17 4.7-4.7 12.3-4.7 17 0 4.6 4.7 4.6 12.3 0 17-4.7 4.6-12.3 4.6-17 0zm0.9-0.9c4.2 4.2 11 4.2 15.2 0 4.2-4.2 4.2-11 0-15.2-4.2-4.3-11-4.3-15.2 0-4.3 4.2-4.3 11 0 15.2z\"><\/path><path d=\"m11.4 15.9v-3.3h-3.3c-0.3 0-0.6-0.3-0.6-0.6 0-0.4 0.3-0.6 0.6-0.6h3.3v-3.3c0-0.3 0.3-0.6 0.6-0.6 0.3 0 0.6 0.3 0.6 0.6v3.3h3.3c0.3 0 0.6 0.2 0.6 0.6q0 0.2-0.2 0.4-0.2 0.2-0.4 0.2h-3.3v3.3q0 0.2-0.2 0.4-0.2 0.2-0.4 0.2c-0.4 0-0.6-0.3-0.6-0.6z\"><\/path><\/svg><\/div><div class=\"esab__expand\"><svg version=\"1.2\" viewBox=\"0 0 24 24\" width=\"24\" height=\"24\"><path fill-rule=\"evenodd\" d=\"m12 24c-6.6 0-12-5.4-12-12 0-6.6 5.4-12 12-12 6.6 0 12 5.4 12 12 0 6.6-5.4 12-12 12zm10.6-12c0-5.9-4.7-10.6-10.6-10.6-5.9 0-10.6 4.7-10.6 10.6 0 5.9 4.7 10.6 10.6 10.6 5.9 0 10.6-4.7 10.6-10.6z\"><\/path><path d=\"m5.6 11.3h12.8v1.4h-12.8z\"><\/path><\/svg><\/div><\/div><\/div><div class=\"esab__body\" style=\"border-top:1px solid var(--ast-global-color-2);padding:20px 20px 20px 20px;background-color:var(--ast-global-color-4)\">\n<ul class=\"listas1 wp-block-list\">\n<li>Factura en format&nbsp;<a href=\"http:\/\/www.facturae.gob.es\/\" target=\"_blank\" rel=\"noreferrer noopener\">Facturae<\/a><\/li>\n\n\n\n<li>Documentaci\u00f3 adjunta requerida en el contracte<br>Si \u00e9s el primer cop que factureu a La Farga o heu canviat les dades del vostre compte bancari:<\/li>\n\n\n\n<li>Impr\u00e8s de transfer\u00e8ncia banc\u00e0ria per l\u2019alta o modificaci\u00f3<\/li>\n\n\n\n<li>NIF (fotoc\u00f2pia)<\/li>\n<\/ul>\n<\/div><\/div>\n\n\n\n<div class=\"wp-block-esab-accordion-child\" style=\"border:1px solid var(--ast-global-color-2)\"><div class=\"esab__head esab__head_reverse\" style=\"padding:10px 10px 10px 20px;background-color:var(--ast-global-color-2)\" role=\"button\" aria-expanded=\"false\"><div class=\"esab__heading_txt\"><h5 class=\"esab__heading_tag\">Normativa aplicable<\/h5><\/div><div class=\"esab__icon\"><div class=\"esab__collapse\"><svg version=\"1.2\" viewBox=\"0 0 24 24\" width=\"24\" height=\"24\"><path fill-rule=\"evenodd\" d=\"m3.5 20.5c-4.7-4.7-4.7-12.3 0-17 4.7-4.7 12.3-4.7 17 0 4.6 4.7 4.6 12.3 0 17-4.7 4.6-12.3 4.6-17 0zm0.9-0.9c4.2 4.2 11 4.2 15.2 0 4.2-4.2 4.2-11 0-15.2-4.2-4.3-11-4.3-15.2 0-4.3 4.2-4.3 11 0 15.2z\"><\/path><path d=\"m11.4 15.9v-3.3h-3.3c-0.3 0-0.6-0.3-0.6-0.6 0-0.4 0.3-0.6 0.6-0.6h3.3v-3.3c0-0.3 0.3-0.6 0.6-0.6 0.3 0 0.6 0.3 0.6 0.6v3.3h3.3c0.3 0 0.6 0.2 0.6 0.6q0 0.2-0.2 0.4-0.2 0.2-0.4 0.2h-3.3v3.3q0 0.2-0.2 0.4-0.2 0.2-0.4 0.2c-0.4 0-0.6-0.3-0.6-0.6z\"><\/path><\/svg><\/div><div class=\"esab__expand\"><svg version=\"1.2\" viewBox=\"0 0 24 24\" width=\"24\" height=\"24\"><path fill-rule=\"evenodd\" d=\"m12 24c-6.6 0-12-5.4-12-12 0-6.6 5.4-12 12-12 6.6 0 12 5.4 12 12 0 6.6-5.4 12-12 12zm10.6-12c0-5.9-4.7-10.6-10.6-10.6-5.9 0-10.6 4.7-10.6 10.6 0 5.9 4.7 10.6 10.6 10.6 5.9 0 10.6-4.7 10.6-10.6z\"><\/path><path d=\"m5.6 11.3h12.8v1.4h-12.8z\"><\/path><\/svg><\/div><\/div><\/div><div class=\"esab__body\" style=\"border-top:1px solid var(--ast-global-color-2);padding:20px 20px 20px 20px;background-color:var(--ast-global-color-4)\">\n<ul class=\"listas1 wp-block-list\">\n<li>Llei 25\/2013, d\u2019impuls de la factura electr\u00f2nica i de creaci\u00f3 del registre comptable de factures al Sector P\u00fablic<\/li>\n<\/ul>\n<\/div><\/div>\n\n\n\n<div class=\"wp-block-esab-accordion-child\" style=\"border:1px solid var(--ast-global-color-2)\"><div class=\"esab__head esab__head_reverse\" style=\"padding:10px 10px 10px 20px;background-color:var(--ast-global-color-2)\" role=\"button\" aria-expanded=\"false\"><div class=\"esab__heading_txt\"><h5 class=\"esab__heading_tag\">M\u00e9s informaci\u00f3<\/h5><\/div><div class=\"esab__icon\"><div class=\"esab__collapse\"><svg version=\"1.2\" viewBox=\"0 0 24 24\" width=\"24\" height=\"24\"><path fill-rule=\"evenodd\" d=\"m3.5 20.5c-4.7-4.7-4.7-12.3 0-17 4.7-4.7 12.3-4.7 17 0 4.6 4.7 4.6 12.3 0 17-4.7 4.6-12.3 4.6-17 0zm0.9-0.9c4.2 4.2 11 4.2 15.2 0 4.2-4.2 4.2-11 0-15.2-4.2-4.3-11-4.3-15.2 0-4.3 4.2-4.3 11 0 15.2z\"><\/path><path d=\"m11.4 15.9v-3.3h-3.3c-0.3 0-0.6-0.3-0.6-0.6 0-0.4 0.3-0.6 0.6-0.6h3.3v-3.3c0-0.3 0.3-0.6 0.6-0.6 0.3 0 0.6 0.3 0.6 0.6v3.3h3.3c0.3 0 0.6 0.2 0.6 0.6q0 0.2-0.2 0.4-0.2 0.2-0.4 0.2h-3.3v3.3q0 0.2-0.2 0.4-0.2 0.2-0.4 0.2c-0.4 0-0.6-0.3-0.6-0.6z\"><\/path><\/svg><\/div><div class=\"esab__expand\"><svg version=\"1.2\" viewBox=\"0 0 24 24\" width=\"24\" height=\"24\"><path fill-rule=\"evenodd\" d=\"m12 24c-6.6 0-12-5.4-12-12 0-6.6 5.4-12 12-12 6.6 0 12 5.4 12 12 0 6.6-5.4 12-12 12zm10.6-12c0-5.9-4.7-10.6-10.6-10.6-5.9 0-10.6 4.7-10.6 10.6 0 5.9 4.7 10.6 10.6 10.6 5.9 0 10.6-4.7 10.6-10.6z\"><\/path><path d=\"m5.6 11.3h12.8v1.4h-12.8z\"><\/path><\/svg><\/div><\/div><\/div><div class=\"esab__body\" style=\"border-top:1px solid var(--ast-global-color-2);padding:20px 20px 20px 20px;background-color:var(--ast-global-color-4)\">\n<ul class=\"listas1 wp-block-list\">\n<li>Per a informaci\u00f3 b\u00e0sica relacionada amb la creaci\u00f3, enviament o recepci\u00f3 de factures electr\u00f2niques podeu consultar:<br><a href=\"https:\/\/www.aoc.cat\/portal-suport\/efact-empreses\/idservei\/efact_empreses\/\" target=\"_blank\" rel=\"noreferrer noopener\">https:\/\/www.aoc.cat\/portal-suport\/efact-empreses\/idservei\/efact_empreses\/<\/a><\/li>\n\n\n\n<li>Si teniu dubtes de com completar els camps exigits per La Farga:<br><a href=\"mailto:efactura@lafarga.com\">efactura@lafarga.com<\/a><\/li>\n\n\n\n<li>Sobre el format Facturae:<br><a href=\"http:\/\/www.facturae.es\/\" target=\"_blank\" rel=\"noreferrer noopener\">http:\/\/www.facturae.es<\/a>.<\/li>\n<\/ul>\n<\/div><\/div>\n<\/div><\/div>\n<\/div><\/div>\n","protected":false},"excerpt":{"rendered":"<p> [&hellip;]<\/p>\n","protected":false},"author":8,"featured_media":0,"parent":0,"menu_order":0,"comment_status":"closed","ping_status":"closed","template":"","meta":{"inline_featured_image":false,"_uag_custom_page_level_css":"","_monsterinsights_skip_tracking":false,"_monsterinsights_sitenote_active":false,"_monsterinsights_sitenote_note":"","_monsterinsights_sitenote_category":0,"site-sidebar-layout":"default","site-content-layout":"","ast-site-content-layout":"default","site-content-style":"default","site-sidebar-style":"default","ast-global-header-display":"","ast-banner-title-visibility":"","ast-main-header-display":"","ast-hfb-above-header-display":"","ast-hfb-below-header-display":"","ast-hfb-mobile-header-display":"","site-post-title":"","ast-breadcrumbs-content":"","ast-featured-img":"","footer-sml-layout":"","ast-disable-related-posts":"","theme-transparent-header-meta":"","adv-header-id-meta":"","stick-header-meta":"","header-above-stick-meta":"","header-main-stick-meta":"","header-below-stick-meta":"","astra-migrate-meta-layouts":"default","ast-page-background-enabled":"default","ast-page-background-meta":{"desktop":{"background-color":"var(--ast-global-color-4)","background-image":"","background-repeat":"repeat","background-position":"center center","background-size":"auto","background-attachment":"scroll","background-type":"","background-media":"","overlay-type":"","overlay-color":"","overlay-opacity":"","overlay-gradient":""},"tablet":{"background-color":"","background-image":"","background-repeat":"repeat","background-position":"center center","background-size":"auto","background-attachment":"scroll","background-type":"","background-media":"","overlay-type":"","overlay-color":"","overlay-opacity":"","overlay-gradient":""},"mobile":{"background-color":"","background-image":"","background-repeat":"repeat","background-position":"center center","background-size":"auto","background-attachment":"scroll","background-type":"","background-media":"","overlay-type":"","overlay-color":"","overlay-opacity":"","overlay-gradient":""}},"ast-content-background-meta":{"desktop":{"background-color":"var(--ast-global-color-5)","background-image":"","background-repeat":"repeat","background-position":"center center","background-size":"auto","background-attachment":"scroll","background-type":"","background-media":"","overlay-type":"","overlay-color":"","overlay-opacity":"","overlay-gradient":""},"tablet":{"background-color":"var(--ast-global-color-5)","background-image":"","background-repeat":"repeat","background-position":"center center","background-size":"auto","background-attachment":"scroll","background-type":"","background-media":"","overlay-type":"","overlay-color":"","overlay-opacity":"","overlay-gradient":""},"mobile":{"background-color":"var(--ast-global-color-5)","background-image":"","background-repeat":"repeat","background-position":"center center","background-size":"auto","background-attachment":"scroll","background-type":"","background-media":"","overlay-type":"","overlay-color":"","overlay-opacity":"","overlay-gradient":""}},"footnotes":""},"class_list":["post-12605","page","type-page","status-publish","hentry"],"yoast_head":"<!-- This site is optimized with the Yoast SEO plugin v27.5 - https:\/\/yoast.com\/product\/yoast-seo-wordpress\/ -->\n<title>Factura electr\u00f2nica - La Farga Gesti\u00f3n de Equipamientos Municipales, S.A.<\/title>\n<meta name=\"robots\" content=\"index, follow, max-snippet:-1, max-image-preview:large, max-video-preview:-1\" \/>\n<link rel=\"canonical\" href=\"https:\/\/www.lafarga.com\/corporatiu\/factura-electronica\/\" \/>\n<meta property=\"og:locale\" content=\"ca_ES\" \/>\n<meta property=\"og:type\" content=\"article\" \/>\n<meta property=\"og:title\" content=\"Factura electr\u00f2nica - La Farga Gesti\u00f3n de Equipamientos Municipales, S.A.\" \/>\n<meta property=\"og:description\" content=\"[&hellip;]\" \/>\n<meta property=\"og:url\" content=\"https:\/\/www.lafarga.com\/corporatiu\/factura-electronica\/\" \/>\n<meta property=\"og:site_name\" content=\"La Farga Gesti\u00f3n de Equipamientos Municipales, S.A.\" \/>\n<meta property=\"article:modified_time\" content=\"2023-11-23T10:44:21+00:00\" \/>\n<meta name=\"twitter:label1\" content=\"Temps estimat de lectura\" \/>\n\t<meta name=\"twitter:data1\" content=\"4 minuts\" \/>\n<script type=\"application\/ld+json\" class=\"yoast-schema-graph\">{\"@context\":\"https:\\\/\\\/schema.org\",\"@graph\":[{\"@type\":\"WebPage\",\"@id\":\"https:\\\/\\\/www.lafarga.com\\\/corporatiu\\\/factura-electronica\\\/\",\"url\":\"https:\\\/\\\/www.lafarga.com\\\/corporatiu\\\/factura-electronica\\\/\",\"name\":\"Factura electr\u00f2nica - La Farga Gesti\u00f3n de Equipamientos Municipales, S.A.\",\"isPartOf\":{\"@id\":\"https:\\\/\\\/www.lafarga.com\\\/corporatiu\\\/#website\"},\"datePublished\":\"2019-05-30T05:30:13+00:00\",\"dateModified\":\"2023-11-23T10:44:21+00:00\",\"breadcrumb\":{\"@id\":\"https:\\\/\\\/www.lafarga.com\\\/corporatiu\\\/factura-electronica\\\/#breadcrumb\"},\"inLanguage\":\"ca\",\"potentialAction\":[{\"@type\":\"ReadAction\",\"target\":[\"https:\\\/\\\/www.lafarga.com\\\/corporatiu\\\/factura-electronica\\\/\"]}]},{\"@type\":\"BreadcrumbList\",\"@id\":\"https:\\\/\\\/www.lafarga.com\\\/corporatiu\\\/factura-electronica\\\/#breadcrumb\",\"itemListElement\":[{\"@type\":\"ListItem\",\"position\":1,\"name\":\"Home\",\"item\":\"https:\\\/\\\/www.lafarga.com\\\/corporatiu\\\/lafarga-hospitalet-llobregat\\\/\"},{\"@type\":\"ListItem\",\"position\":2,\"name\":\"Factura electr\u00f2nica\"}]},{\"@type\":\"WebSite\",\"@id\":\"https:\\\/\\\/www.lafarga.com\\\/corporatiu\\\/#website\",\"url\":\"https:\\\/\\\/www.lafarga.com\\\/corporatiu\\\/\",\"name\":\"La Farga Gesti\u00f3 d&#039;Equipaments Municipals, SA\",\"description\":\"\",\"publisher\":{\"@id\":\"https:\\\/\\\/www.lafarga.com\\\/corporatiu\\\/#organization\"},\"potentialAction\":[{\"@type\":\"SearchAction\",\"target\":{\"@type\":\"EntryPoint\",\"urlTemplate\":\"https:\\\/\\\/www.lafarga.com\\\/corporatiu\\\/?s={search_term_string}\"},\"query-input\":{\"@type\":\"PropertyValueSpecification\",\"valueRequired\":true,\"valueName\":\"search_term_string\"}}],\"inLanguage\":\"ca\"},{\"@type\":\"Organization\",\"@id\":\"https:\\\/\\\/www.lafarga.com\\\/corporatiu\\\/#organization\",\"name\":\"La Farga Gesti\u00f3 d&#039;Equipaments Municipals, SA\",\"url\":\"https:\\\/\\\/www.lafarga.com\\\/corporatiu\\\/\",\"logo\":{\"@type\":\"ImageObject\",\"inLanguage\":\"ca\",\"@id\":\"https:\\\/\\\/www.lafarga.com\\\/corporatiu\\\/#\\\/schema\\\/logo\\\/image\\\/\",\"url\":\"https:\\\/\\\/www.lafarga.com\\\/corporatiu\\\/wp-content\\\/uploads\\\/2023\\\/11\\\/logotipo_lafarga_gemsa.svg\",\"contentUrl\":\"https:\\\/\\\/www.lafarga.com\\\/corporatiu\\\/wp-content\\\/uploads\\\/2023\\\/11\\\/logotipo_lafarga_gemsa.svg\",\"width\":102,\"height\":103,\"caption\":\"La Farga Gesti\u00f3 d&#039;Equipaments Municipals, SA\"},\"image\":{\"@id\":\"https:\\\/\\\/www.lafarga.com\\\/corporatiu\\\/#\\\/schema\\\/logo\\\/image\\\/\"}}]}<\/script>\n<!-- \/ Yoast SEO plugin. -->","yoast_head_json":{"title":"Factura electr\u00f2nica - La Farga Gesti\u00f3n de Equipamientos Municipales, S.A.","robots":{"index":"index","follow":"follow","max-snippet":"max-snippet:-1","max-image-preview":"max-image-preview:large","max-video-preview":"max-video-preview:-1"},"canonical":"https:\/\/www.lafarga.com\/corporatiu\/factura-electronica\/","og_locale":"ca_ES","og_type":"article","og_title":"Factura electr\u00f2nica - La Farga Gesti\u00f3n de Equipamientos Municipales, S.A.","og_description":"[&hellip;]","og_url":"https:\/\/www.lafarga.com\/corporatiu\/factura-electronica\/","og_site_name":"La Farga Gesti\u00f3n de Equipamientos Municipales, S.A.","article_modified_time":"2023-11-23T10:44:21+00:00","twitter_misc":{"Temps estimat de lectura":"4 minuts"},"schema":{"@context":"https:\/\/schema.org","@graph":[{"@type":"WebPage","@id":"https:\/\/www.lafarga.com\/corporatiu\/factura-electronica\/","url":"https:\/\/www.lafarga.com\/corporatiu\/factura-electronica\/","name":"Factura electr\u00f2nica - La Farga Gesti\u00f3n de Equipamientos Municipales, S.A.","isPartOf":{"@id":"https:\/\/www.lafarga.com\/corporatiu\/#website"},"datePublished":"2019-05-30T05:30:13+00:00","dateModified":"2023-11-23T10:44:21+00:00","breadcrumb":{"@id":"https:\/\/www.lafarga.com\/corporatiu\/factura-electronica\/#breadcrumb"},"inLanguage":"ca","potentialAction":[{"@type":"ReadAction","target":["https:\/\/www.lafarga.com\/corporatiu\/factura-electronica\/"]}]},{"@type":"BreadcrumbList","@id":"https:\/\/www.lafarga.com\/corporatiu\/factura-electronica\/#breadcrumb","itemListElement":[{"@type":"ListItem","position":1,"name":"Home","item":"https:\/\/www.lafarga.com\/corporatiu\/lafarga-hospitalet-llobregat\/"},{"@type":"ListItem","position":2,"name":"Factura electr\u00f2nica"}]},{"@type":"WebSite","@id":"https:\/\/www.lafarga.com\/corporatiu\/#website","url":"https:\/\/www.lafarga.com\/corporatiu\/","name":"La Farga Gesti\u00f3 d&#039;Equipaments Municipals, SA","description":"","publisher":{"@id":"https:\/\/www.lafarga.com\/corporatiu\/#organization"},"potentialAction":[{"@type":"SearchAction","target":{"@type":"EntryPoint","urlTemplate":"https:\/\/www.lafarga.com\/corporatiu\/?s={search_term_string}"},"query-input":{"@type":"PropertyValueSpecification","valueRequired":true,"valueName":"search_term_string"}}],"inLanguage":"ca"},{"@type":"Organization","@id":"https:\/\/www.lafarga.com\/corporatiu\/#organization","name":"La Farga Gesti\u00f3 d&#039;Equipaments Municipals, SA","url":"https:\/\/www.lafarga.com\/corporatiu\/","logo":{"@type":"ImageObject","inLanguage":"ca","@id":"https:\/\/www.lafarga.com\/corporatiu\/#\/schema\/logo\/image\/","url":"https:\/\/www.lafarga.com\/corporatiu\/wp-content\/uploads\/2023\/11\/logotipo_lafarga_gemsa.svg","contentUrl":"https:\/\/www.lafarga.com\/corporatiu\/wp-content\/uploads\/2023\/11\/logotipo_lafarga_gemsa.svg","width":102,"height":103,"caption":"La Farga Gesti\u00f3 d&#039;Equipaments Municipals, SA"},"image":{"@id":"https:\/\/www.lafarga.com\/corporatiu\/#\/schema\/logo\/image\/"}}]}},"uagb_featured_image_src":{"full":false,"thumbnail":false,"medium":false,"medium_large":false,"large":false,"1536x1536":false,"2048x2048":false,"mailpoet_newsletter_max":false},"uagb_author_info":{"display_name":"admfarga","author_link":"https:\/\/www.lafarga.com\/corporatiu\/author\/admfarga\/"},"uagb_comment_info":0,"uagb_excerpt":"[&hellip;]","_links":{"self":[{"href":"https:\/\/www.lafarga.com\/corporatiu\/wp-json\/wp\/v2\/pages\/12605","targetHints":{"allow":["GET"]}}],"collection":[{"href":"https:\/\/www.lafarga.com\/corporatiu\/wp-json\/wp\/v2\/pages"}],"about":[{"href":"https:\/\/www.lafarga.com\/corporatiu\/wp-json\/wp\/v2\/types\/page"}],"author":[{"embeddable":true,"href":"https:\/\/www.lafarga.com\/corporatiu\/wp-json\/wp\/v2\/users\/8"}],"replies":[{"embeddable":true,"href":"https:\/\/www.lafarga.com\/corporatiu\/wp-json\/wp\/v2\/comments?post=12605"}],"version-history":[{"count":44,"href":"https:\/\/www.lafarga.com\/corporatiu\/wp-json\/wp\/v2\/pages\/12605\/revisions"}],"predecessor-version":[{"id":19866,"href":"https:\/\/www.lafarga.com\/corporatiu\/wp-json\/wp\/v2\/pages\/12605\/revisions\/19866"}],"wp:attachment":[{"href":"https:\/\/www.lafarga.com\/corporatiu\/wp-json\/wp\/v2\/media?parent=12605"}],"curies":[{"name":"wp","href":"https:\/\/api.w.org\/{rel}","templated":true}]}}