{"id":10891,"date":"2017-12-15T08:35:59","date_gmt":"2017-12-15T08:35:59","guid":{"rendered":"http:\/\/www.lafarga.com\/corporatiu\/?page_id=10891"},"modified":"2023-11-23T10:59:16","modified_gmt":"2023-11-23T10:59:16","slug":"canal-etic","status":"publish","type":"page","link":"https:\/\/www.lafarga.com\/corporatiu\/canal-etic\/","title":{"rendered":"Canal \u00e8tic"},"content":{"rendered":"\n<div class=\"wp-block-uagb-container contenedor uagb-block-d2b0065f alignfull uagb-is-root-container\"><div class=\"uagb-container-inner-blocks-wrap\">\n<div class=\"wp-block-uagb-advanced-heading uagb-block-b43c4fc5\"><h3 class=\"uagb-heading-text\"><strong>Codi de conducta<\/strong><\/h3><\/div>\n\n\n\n<p>LA FARGA GESTI\u00d3 D&#8217;EQUIPAMENTS MUNICIPALS, SA, en el seu comprom\u00eds amb el compliment de la legislaci\u00f3 que li sigui aplicable, aix\u00ed com amb els principis de l&#8217;\u00e8tica empresarial i la transpar\u00e8ncia en tots els seus \u00e0mbits d&#8217;actuaci\u00f3, va elaborar un <strong><a href=\"https:\/\/www.lafarga.com\/corporatiu\/wp-content\/uploads\/2017\/11\/La-Farga-20170720-CODIGO-DE-CONDUCTA.pdf\" target=\"_blank\" rel=\"noopener\">Codi de Conducta<\/a><\/strong> que va ser aprovat pel Consell d&#8217;Administraci\u00f3 en data 20 de juliol de 2017.<\/p>\n\n\n\n<p>Aquest codi, que es pot descarregar des d&#8217;aquesta p\u00e0gina, estableix el conjunt de valors, principis i normes que han de presidir l&#8217;actuaci\u00f3 de tots els empleats, directius i administradors de LA FARGA GESTI\u00d3 D&#8217;EQUIPAMENTS MUNICIPALS, SA, aix\u00ed com dels clients i prove\u00efdors en la mesura que pugui ser-los d&#8217;aplicaci\u00f3 i la FARGA disposi de facultats per a fer-los efectius.<\/p>\n\n\n\n<p>Per altra banda, en data de 29 de mar\u00e7 de 2022, el Consell d&#8217;Administraci\u00f3 va aprovar <a href=\"https:\/\/www.lafarga.com\/corporatiu\/wp-content\/uploads\/2022\/04\/La-Farga-PROTOCOLO-NEXT-GENERATION.pdf\" target=\"_blank\" rel=\"noopener\"><strong>Protocol de Compliance P\u00fablic de Gesti\u00f3 i control dels Fons Next Generation<\/strong><\/a>, que refor\u00e7a els mecanismes de prevenci\u00f3, detecci\u00f3 i correcci\u00f3 del frau, corrupci\u00f3 i frau en els negocis.<\/p>\n\n\n\n<p>Cada empleat, directiu i administrador de LA FARGA GEM, SA coneix i es compromet a complir aquestes normes.<\/p>\n\n\n\n<p>El Consell d\u2019Administraci\u00f3, en data 26 de maig de 2022, va acordar donar compliment a l\u2019acord de la Junta de Govern Local de data 27 d\u2019abril de 2022, aprovant el <strong><a href=\"https:\/\/www.lafarga.com\/corporatiu\/wp-content\/uploads\/2022\/05\/La-Farga-PLA-MESURES-ANTIFRAU-LHOSPITALET-LL..pdf\" target=\"_blank\" rel=\"noopener\">Pla de Mesures Antifrau de l\u2019Hospitalet de Llobregat per a la gesti\u00f3 dels Fons Next Generation de la Uni\u00f3 Europea<\/a><\/strong>, notificat a aquesta Societat Municipal en data 28 d\u2019abril de 2022 (codi entrada E\/806\/2022).<\/p>\n\n\n\n<div class=\"wp-block-uagb-separator uagb-block-2d020bf6\"><div class=\"wp-block-uagb-separator__inner\" style=\"--my-background-image:\"><\/div><\/div>\n\n\n\n<div class=\"wp-block-uagb-advanced-heading uagb-block-8a2a164f\"><h3 class=\"uagb-heading-text\"><strong>Canal \u00e8tic<\/strong><\/h3><\/div>\n\n\n\n<p>El <strong><a href=\"https:\/\/www.lafarga.com\/corporatiu\/wp-content\/uploads\/2017\/11\/La-Farga-20170720-CODIGO-DE-CONDUCTA.pdf\" target=\"_blank\" rel=\"noopener\">Codi de Conducta<\/a><\/strong> defineix la pol\u00edtica de tramitaci\u00f3 de den\u00fancies, per a aix\u00f2 hi ha un canal \u00e8tic o canal de den\u00fancies, a trav\u00e9s del qual els empleats, directius o administradors, i qualsevol persona externa a l&#8217;empresa, pot comunicar, de manera confidencial, aquells actes presumptament il\u00b7l\u00edcits o incompliments del <strong><a href=\"https:\/\/www.lafarga.com\/corporatiu\/wp-content\/uploads\/2017\/11\/La-Farga-20170720-CODIGO-DE-CONDUCTA.pdf\" target=\"_blank\" rel=\"noopener\">Codi de Conducta<\/a><\/strong> dels que hagi tingut coneixement, aix\u00ed com consultar qualsevol dubte sobre la interpretaci\u00f3 o aplicaci\u00f3 d&#8217;aquest codi.<\/p>\n\n\n\n<p>Els canals d&#8217;informaci\u00f3 establerts a aquest efecte s\u00f3n els seg\u00fcents:<\/p>\n\n\n\n<ul style=\"padding-left:var(--wp--preset--spacing--60)\" class=\"listas1 wp-block-list\">\n<li><a href=\"https:\/\/www.lafarga.com\/corporatiu\/formulari-canal-etic\"><strong>Formulari de consulta i\/o notificaci\u00f3<\/strong><\/a><\/li>\n\n\n\n<li>Correu electr\u00f2nic: <strong><a href=\"mailto:canal.etico@lafarga.com\">canal.etico@lafarga.com<\/a><\/strong><\/li>\n\n\n\n<li class=\"listas1\"><strong>Correu postal:<br><\/strong>LA FARGA GESTI\u00d3 D&#8217;EQUIPAMENTS MUNICIPALS, S.A<br>Compliance Officer<br>c\/ Barcelona, \u200b\u200b2<br>08901 L&#8217;HOSPITALET DE LLOBREGAT<\/li>\n<\/ul>\n\n\n\n<p>Qualsevol consulta o comunicaci\u00f3 d&#8217;actes relatius a infraccions del <a href=\"https:\/\/www.lafarga.com\/corporatiu\/wp-content\/uploads\/2017\/11\/La-Farga-20170720-CODIGO-DE-CONDUCTA.pdf\" target=\"_blank\" rel=\"noopener\">Codi de Conducta<\/a>, s&#8217;investigar\u00e0 d&#8217;acord amb el procediment d&#8217;investigaci\u00f3 i garanties indicades en l&#8217;esmentat document.<\/p>\n\n\n\n<p>El Consell d\u2019Administraci\u00f3, en data 26 de maig de 2022, va acordar donar compliment a l\u2019acord de la Junta de Govern Local de data 27 d\u2019abril de 2022, aprovant el <strong><a href=\"https:\/\/www.lafarga.com\/corporatiu\/wp-content\/uploads\/2022\/05\/La-Farga-CODI-ETIC-I-DE-VALORS-DE-BON-GOVERN.pdf\" target=\"_blank\" rel=\"noopener\">Codi \u00c8tic i de Valors de Bon Govern de l\u2019Ajuntament de l\u2019Hospitalet<\/a><\/strong>, notificat en data 28 d\u2019abril de 2022 RE E\/808\/2022.<\/p>\n<\/div><\/div>\n","protected":false},"excerpt":{"rendered":"<p> [&hellip;]<\/p>\n","protected":false},"author":8,"featured_media":0,"parent":0,"menu_order":0,"comment_status":"closed","ping_status":"closed","template":"","meta":{"inline_featured_image":false,"_uag_custom_page_level_css":"","_monsterinsights_skip_tracking":false,"_monsterinsights_sitenote_active":false,"_monsterinsights_sitenote_note":"","_monsterinsights_sitenote_category":0,"site-sidebar-layout":"default","site-content-layout":"","ast-site-content-layout":"default","site-content-style":"default","site-sidebar-style":"default","ast-global-header-display":"","ast-banner-title-visibility":"","ast-main-header-display":"","ast-hfb-above-header-display":"","ast-hfb-below-header-display":"","ast-hfb-mobile-header-display":"","site-post-title":"","ast-breadcrumbs-content":"","ast-featured-img":"","footer-sml-layout":"","ast-disable-related-posts":"","theme-transparent-header-meta":"","adv-header-id-meta":"","stick-header-meta":"","header-above-stick-meta":"","header-main-stick-meta":"","header-below-stick-meta":"","astra-migrate-meta-layouts":"default","ast-page-background-enabled":"default","ast-page-background-meta":{"desktop":{"background-color":"var(--ast-global-color-4)","background-image":"","background-repeat":"repeat","background-position":"center center","background-size":"auto","background-attachment":"scroll","background-type":"","background-media":"","overlay-type":"","overlay-color":"","overlay-opacity":"","overlay-gradient":""},"tablet":{"background-color":"","background-image":"","background-repeat":"repeat","background-position":"center center","background-size":"auto","background-attachment":"scroll","background-type":"","background-media":"","overlay-type":"","overlay-color":"","overlay-opacity":"","overlay-gradient":""},"mobile":{"background-color":"","background-image":"","background-repeat":"repeat","background-position":"center center","background-size":"auto","background-attachment":"scroll","background-type":"","background-media":"","overlay-type":"","overlay-color":"","overlay-opacity":"","overlay-gradient":""}},"ast-content-background-meta":{"desktop":{"background-color":"var(--ast-global-color-5)","background-image":"","background-repeat":"repeat","background-position":"center center","background-size":"auto","background-attachment":"scroll","background-type":"","background-media":"","overlay-type":"","overlay-color":"","overlay-opacity":"","overlay-gradient":""},"tablet":{"background-color":"var(--ast-global-color-5)","background-image":"","background-repeat":"repeat","background-position":"center center","background-size":"auto","background-attachment":"scroll","background-type":"","background-media":"","overlay-type":"","overlay-color":"","overlay-opacity":"","overlay-gradient":""},"mobile":{"background-color":"var(--ast-global-color-5)","background-image":"","background-repeat":"repeat","background-position":"center center","background-size":"auto","background-attachment":"scroll","background-type":"","background-media":"","overlay-type":"","overlay-color":"","overlay-opacity":"","overlay-gradient":""}},"footnotes":""},"class_list":["post-10891","page","type-page","status-publish","hentry"],"yoast_head":"<!-- This site is optimized with the Yoast SEO plugin v27.5 - https:\/\/yoast.com\/product\/yoast-seo-wordpress\/ -->\n<title>Canal \u00e8tic - La Farga Gesti\u00f3n de Equipamientos Municipales, S.A.<\/title>\n<meta name=\"robots\" content=\"index, follow, max-snippet:-1, max-image-preview:large, max-video-preview:-1\" \/>\n<link rel=\"canonical\" href=\"https:\/\/www.lafarga.com\/corporatiu\/canal-etic\/\" \/>\n<meta property=\"og:locale\" content=\"ca_ES\" \/>\n<meta property=\"og:type\" content=\"article\" \/>\n<meta property=\"og:title\" content=\"Canal \u00e8tic - La Farga Gesti\u00f3n de Equipamientos Municipales, S.A.\" \/>\n<meta property=\"og:description\" content=\"[&hellip;]\" \/>\n<meta property=\"og:url\" content=\"https:\/\/www.lafarga.com\/corporatiu\/canal-etic\/\" \/>\n<meta property=\"og:site_name\" content=\"La Farga Gesti\u00f3n de Equipamientos Municipales, S.A.\" \/>\n<meta property=\"article:modified_time\" content=\"2023-11-23T10:59:16+00:00\" \/>\n<meta name=\"twitter:label1\" content=\"Temps estimat de lectura\" \/>\n\t<meta name=\"twitter:data1\" content=\"3 minuts\" \/>\n<script type=\"application\/ld+json\" class=\"yoast-schema-graph\">{\"@context\":\"https:\\\/\\\/schema.org\",\"@graph\":[{\"@type\":\"WebPage\",\"@id\":\"https:\\\/\\\/www.lafarga.com\\\/corporatiu\\\/canal-etic\\\/\",\"url\":\"https:\\\/\\\/www.lafarga.com\\\/corporatiu\\\/canal-etic\\\/\",\"name\":\"Canal \u00e8tic - La Farga Gesti\u00f3n de Equipamientos Municipales, S.A.\",\"isPartOf\":{\"@id\":\"https:\\\/\\\/www.lafarga.com\\\/corporatiu\\\/#website\"},\"datePublished\":\"2017-12-15T08:35:59+00:00\",\"dateModified\":\"2023-11-23T10:59:16+00:00\",\"breadcrumb\":{\"@id\":\"https:\\\/\\\/www.lafarga.com\\\/corporatiu\\\/canal-etic\\\/#breadcrumb\"},\"inLanguage\":\"ca\",\"potentialAction\":[{\"@type\":\"ReadAction\",\"target\":[\"https:\\\/\\\/www.lafarga.com\\\/corporatiu\\\/canal-etic\\\/\"]}]},{\"@type\":\"BreadcrumbList\",\"@id\":\"https:\\\/\\\/www.lafarga.com\\\/corporatiu\\\/canal-etic\\\/#breadcrumb\",\"itemListElement\":[{\"@type\":\"ListItem\",\"position\":1,\"name\":\"Home\",\"item\":\"https:\\\/\\\/www.lafarga.com\\\/corporatiu\\\/lafarga-hospitalet-llobregat\\\/\"},{\"@type\":\"ListItem\",\"position\":2,\"name\":\"Canal \u00e8tic\"}]},{\"@type\":\"WebSite\",\"@id\":\"https:\\\/\\\/www.lafarga.com\\\/corporatiu\\\/#website\",\"url\":\"https:\\\/\\\/www.lafarga.com\\\/corporatiu\\\/\",\"name\":\"La Farga Gesti\u00f3 d&#039;Equipaments Municipals, SA\",\"description\":\"\",\"publisher\":{\"@id\":\"https:\\\/\\\/www.lafarga.com\\\/corporatiu\\\/#organization\"},\"potentialAction\":[{\"@type\":\"SearchAction\",\"target\":{\"@type\":\"EntryPoint\",\"urlTemplate\":\"https:\\\/\\\/www.lafarga.com\\\/corporatiu\\\/?s={search_term_string}\"},\"query-input\":{\"@type\":\"PropertyValueSpecification\",\"valueRequired\":true,\"valueName\":\"search_term_string\"}}],\"inLanguage\":\"ca\"},{\"@type\":\"Organization\",\"@id\":\"https:\\\/\\\/www.lafarga.com\\\/corporatiu\\\/#organization\",\"name\":\"La Farga Gesti\u00f3 d&#039;Equipaments Municipals, SA\",\"url\":\"https:\\\/\\\/www.lafarga.com\\\/corporatiu\\\/\",\"logo\":{\"@type\":\"ImageObject\",\"inLanguage\":\"ca\",\"@id\":\"https:\\\/\\\/www.lafarga.com\\\/corporatiu\\\/#\\\/schema\\\/logo\\\/image\\\/\",\"url\":\"https:\\\/\\\/www.lafarga.com\\\/corporatiu\\\/wp-content\\\/uploads\\\/2023\\\/11\\\/logotipo_lafarga_gemsa.svg\",\"contentUrl\":\"https:\\\/\\\/www.lafarga.com\\\/corporatiu\\\/wp-content\\\/uploads\\\/2023\\\/11\\\/logotipo_lafarga_gemsa.svg\",\"width\":102,\"height\":103,\"caption\":\"La Farga Gesti\u00f3 d&#039;Equipaments Municipals, SA\"},\"image\":{\"@id\":\"https:\\\/\\\/www.lafarga.com\\\/corporatiu\\\/#\\\/schema\\\/logo\\\/image\\\/\"}}]}<\/script>\n<!-- \/ Yoast SEO plugin. -->","yoast_head_json":{"title":"Canal \u00e8tic - La Farga Gesti\u00f3n de Equipamientos Municipales, S.A.","robots":{"index":"index","follow":"follow","max-snippet":"max-snippet:-1","max-image-preview":"max-image-preview:large","max-video-preview":"max-video-preview:-1"},"canonical":"https:\/\/www.lafarga.com\/corporatiu\/canal-etic\/","og_locale":"ca_ES","og_type":"article","og_title":"Canal \u00e8tic - La Farga Gesti\u00f3n de Equipamientos Municipales, S.A.","og_description":"[&hellip;]","og_url":"https:\/\/www.lafarga.com\/corporatiu\/canal-etic\/","og_site_name":"La Farga Gesti\u00f3n de Equipamientos Municipales, S.A.","article_modified_time":"2023-11-23T10:59:16+00:00","twitter_misc":{"Temps estimat de lectura":"3 minuts"},"schema":{"@context":"https:\/\/schema.org","@graph":[{"@type":"WebPage","@id":"https:\/\/www.lafarga.com\/corporatiu\/canal-etic\/","url":"https:\/\/www.lafarga.com\/corporatiu\/canal-etic\/","name":"Canal \u00e8tic - La Farga Gesti\u00f3n de Equipamientos Municipales, S.A.","isPartOf":{"@id":"https:\/\/www.lafarga.com\/corporatiu\/#website"},"datePublished":"2017-12-15T08:35:59+00:00","dateModified":"2023-11-23T10:59:16+00:00","breadcrumb":{"@id":"https:\/\/www.lafarga.com\/corporatiu\/canal-etic\/#breadcrumb"},"inLanguage":"ca","potentialAction":[{"@type":"ReadAction","target":["https:\/\/www.lafarga.com\/corporatiu\/canal-etic\/"]}]},{"@type":"BreadcrumbList","@id":"https:\/\/www.lafarga.com\/corporatiu\/canal-etic\/#breadcrumb","itemListElement":[{"@type":"ListItem","position":1,"name":"Home","item":"https:\/\/www.lafarga.com\/corporatiu\/lafarga-hospitalet-llobregat\/"},{"@type":"ListItem","position":2,"name":"Canal \u00e8tic"}]},{"@type":"WebSite","@id":"https:\/\/www.lafarga.com\/corporatiu\/#website","url":"https:\/\/www.lafarga.com\/corporatiu\/","name":"La Farga Gesti\u00f3 d&#039;Equipaments Municipals, SA","description":"","publisher":{"@id":"https:\/\/www.lafarga.com\/corporatiu\/#organization"},"potentialAction":[{"@type":"SearchAction","target":{"@type":"EntryPoint","urlTemplate":"https:\/\/www.lafarga.com\/corporatiu\/?s={search_term_string}"},"query-input":{"@type":"PropertyValueSpecification","valueRequired":true,"valueName":"search_term_string"}}],"inLanguage":"ca"},{"@type":"Organization","@id":"https:\/\/www.lafarga.com\/corporatiu\/#organization","name":"La Farga Gesti\u00f3 d&#039;Equipaments Municipals, SA","url":"https:\/\/www.lafarga.com\/corporatiu\/","logo":{"@type":"ImageObject","inLanguage":"ca","@id":"https:\/\/www.lafarga.com\/corporatiu\/#\/schema\/logo\/image\/","url":"https:\/\/www.lafarga.com\/corporatiu\/wp-content\/uploads\/2023\/11\/logotipo_lafarga_gemsa.svg","contentUrl":"https:\/\/www.lafarga.com\/corporatiu\/wp-content\/uploads\/2023\/11\/logotipo_lafarga_gemsa.svg","width":102,"height":103,"caption":"La Farga Gesti\u00f3 d&#039;Equipaments Municipals, SA"},"image":{"@id":"https:\/\/www.lafarga.com\/corporatiu\/#\/schema\/logo\/image\/"}}]}},"uagb_featured_image_src":{"full":false,"thumbnail":false,"medium":false,"medium_large":false,"large":false,"1536x1536":false,"2048x2048":false,"mailpoet_newsletter_max":false},"uagb_author_info":{"display_name":"admfarga","author_link":"https:\/\/www.lafarga.com\/corporatiu\/author\/admfarga\/"},"uagb_comment_info":0,"uagb_excerpt":"[&hellip;]","_links":{"self":[{"href":"https:\/\/www.lafarga.com\/corporatiu\/wp-json\/wp\/v2\/pages\/10891","targetHints":{"allow":["GET"]}}],"collection":[{"href":"https:\/\/www.lafarga.com\/corporatiu\/wp-json\/wp\/v2\/pages"}],"about":[{"href":"https:\/\/www.lafarga.com\/corporatiu\/wp-json\/wp\/v2\/types\/page"}],"author":[{"embeddable":true,"href":"https:\/\/www.lafarga.com\/corporatiu\/wp-json\/wp\/v2\/users\/8"}],"replies":[{"embeddable":true,"href":"https:\/\/www.lafarga.com\/corporatiu\/wp-json\/wp\/v2\/comments?post=10891"}],"version-history":[{"count":29,"href":"https:\/\/www.lafarga.com\/corporatiu\/wp-json\/wp\/v2\/pages\/10891\/revisions"}],"predecessor-version":[{"id":19887,"href":"https:\/\/www.lafarga.com\/corporatiu\/wp-json\/wp\/v2\/pages\/10891\/revisions\/19887"}],"wp:attachment":[{"href":"https:\/\/www.lafarga.com\/corporatiu\/wp-json\/wp\/v2\/media?parent=10891"}],"curies":[{"name":"wp","href":"https:\/\/api.w.org\/{rel}","templated":true}]}}